{"id":2409,"date":"2018-03-13T14:39:33","date_gmt":"2018-03-13T17:39:33","guid":{"rendered":"http:\/\/www.fototallermg.com.ar\/?page_id=2409"},"modified":"2026-01-02T14:55:22","modified_gmt":"2026-01-02T17:55:22","slug":"el-taller","status":"publish","type":"page","link":"https:\/\/www.fototallermg.com.ar\/?page_id=2409","title":{"rendered":"El taller"},"content":{"rendered":"<h2>Ense\u00f1ar como a nosotros nos hubiese gustado que nos ense\u00f1en.<\/h2>\n<figure id=\"attachment_2711\" aria-describedby=\"caption-attachment-2711\" style=\"width: 600px\" class=\"wp-caption alignnone\"><a href=\"http:\/\/www.fototallermg.com.ar\/wp-content\/uploads\/2018\/03\/IMG_0449-copia.jpg\"><img loading=\"lazy\" decoding=\"async\" src=\"http:\/\/www.fototallermg.com.ar\/wp-content\/uploads\/2018\/03\/IMG_0449-copia-300x90.jpg\" alt=\"\" width=\"600\" height=\"181\" \/><\/a><figcaption id=\"caption-attachment-2711\" class=\"wp-caption-text\">Nuestra galer\u00eda a cielo abierto.<\/figcaption><\/figure>\n<p>Somos Fototaller Monte Grande, una instituci\u00f3n pionera en la ense\u00f1anza de la fotograf\u00eda en la regi\u00f3n del Conurbano Sur Bonaerense. Con m\u00e1s de quince a\u00f1os de trayectoria, hemos consolidado nuestra posici\u00f3n como uno de los centros de formaci\u00f3n fotogr\u00e1fica m\u00e1s destacados de la zona. Fundado en 2010, Fototaller Monte Grande naci\u00f3 con el objetivo de brindar una formaci\u00f3n integral en fotograf\u00eda, abarcando desde los fundamentos t\u00e9cnicos hasta la expresi\u00f3n art\u00edstica. Sin embargo, nuestro enfoque va m\u00e1s all\u00e1 de la t\u00e9cnica y se centra en la b\u00fasqueda de historias y narrativas que surgen desde el territorio, intentando que comprendamos la riqueza alrededor de nuestras propias vidas y experiencias, entendiendo que no hay que ir demasiado lejos para hacer fotos.<\/p>\n<p>En este sentido, en Fototaller Monte Grande nos alejamos de los c\u00e1nones de la fotograf\u00eda convencional o publicitaria, y nos enfocamos en que nuestros alumnos puedan contar historias aut\u00e9nticas y significativas. A trav\u00e9s de la fotograf\u00eda, buscamos visibilizar las experiencias, las culturas y las realidades de la regi\u00f3n, promoviendo una mirada cr\u00edtica y reflexiva sobre el entorno que nos rodea y contra-<br \/>restando la frecuente realizaci\u00f3n de im\u00e1genes estigmatizantes de las periferias que hist\u00f3ricamente nos mostraron los medios masivos y las redes.<\/p>\n<p>Este concepto se traslada a nuestros talleres, donde no solo vemos\u00a0 autores importantes para la historia de la fotograf\u00eda, sino que tambi\u00e9n ponemos en valor las fotograf\u00edas que producimos. Contrastamos nuestras im\u00e1genes hegem\u00f3nicas, publicitarias y desaprendemos la forma de ver para construir un desv\u00edo con miradas m\u00e1s punzantes, profundas e interesantes que nos hablen de cosas reales sin pasteurizar.<\/p>\n<p>El equipo docente de Fototaller Monte Grande est\u00e1 compuesto por profesionales de la fotograf\u00eda con amplia experiencia en su campo. Entre ellos, destacan los coordinadores, Leonardo Marino y Leandro Mac Garva, ambos fot\u00f3grafos de reconocida trayectoria con una amplia experiencia en la docencia y la producci\u00f3n fotogr\u00e1fica. Su trabajo se centra en la exploraci\u00f3n de la identidad y la cultura en el conurbano bonaerense, y han sido reconocidos en diversas exposiciones y <br \/>publicaciones.<\/p>\n<p>Bajo la coordinaci\u00f3n de Marino y Mac Garva, hemos desarrollado un enfoque pedag\u00f3gico que combina la teor\u00eda y la pr\u00e1ctica, con un \u00e9nfasis en la experimentaci\u00f3n y la creatividad. Los alumnos del taller han tenido la oportunidad de aprender de contenidos que acompa\u00f1an la evoluci\u00f3n de la fotograf\u00eda contempor\u00e1nea Argentina.<\/p>\n<p>A lo largo de los a\u00f1os, hemos realizado numerosas exposiciones fotogr\u00e1ficas de autores locales y nacionales, charlas y conferencias de destacados fot\u00f3grafos y te\u00f3ricos de la imagen, y presentaciones de libros de autores fotogr\u00e1ficos, con la participaci\u00f3n de los propios autores. Estos eventos han permitido a nuestra comunidad fotogr\u00e1fica y cultural acceder a nuevas perspectivas, conocimientos y experiencias, enriqueciendo nuestra visi\u00f3n y pr\u00e1ctica de la fotograf\u00eda.<\/p>\n<p>Pero lo que realmente nos define es que somos una familia. Una familia de fot\u00f3grafos, docentes y alumnos que compartimos la pasi\u00f3n por la fotograf\u00eda y el mate. Una familia que se apoya mutuamente, que se inspira y que crece juntos.<\/p>\n<p>En la actualidad, el Fototaller Monte Grande sigue siendo un referente en la ense\u00f1anza de la fotograf\u00eda en Monte Grande, ofreciendo una variedad de cursos y talleres para principiantes y avanzados. Nuestro compromiso ha permitido que cientos de alumnos descubran y desarrollen su pasi\u00f3n por la fotograf\u00eda, y que la regi\u00f3n del conurbano bonaerense tenga una voz y una mirada propia en el \u00e1mbito de la fotograf\u00eda actual.<\/p>\n<p>Leonardo Marino.<\/p>\n<p><figure id=\"attachment_2710\" aria-describedby=\"caption-attachment-2710\" style=\"width: 600px\" class=\"wp-caption alignnone\"><a href=\"http:\/\/www.fototallermg.com.ar\/wp-content\/uploads\/2018\/03\/IMG_0477.jpg\"><img loading=\"lazy\" decoding=\"async\" src=\"http:\/\/www.fototallermg.com.ar\/wp-content\/uploads\/2018\/03\/IMG_0477-300x93.jpg\" alt=\"\" width=\"600\" height=\"187\" \/><\/a><figcaption id=\"caption-attachment-2710\" class=\"wp-caption-text\">Exposici\u00f3n de fin de a\u00f1o 2017<\/figcaption><\/figure><figure id=\"attachment_2715\" aria-describedby=\"caption-attachment-2715\" style=\"width: 300px\" class=\"wp-caption alignright\"><a href=\"http:\/\/www.fototallermg.com.ar\/wp-content\/uploads\/2018\/03\/14495341_10154236304164262_4186363729534747313_n.jpg\"><img loading=\"lazy\" decoding=\"async\" src=\"http:\/\/www.fototallermg.com.ar\/wp-content\/uploads\/2018\/03\/14495341_10154236304164262_4186363729534747313_n-300x200.jpg\" alt=\"\" width=\"300\" height=\"200\" \/><\/a><figcaption id=\"caption-attachment-2715\" class=\"wp-caption-text\">Salida nocturna en Uribelarrea, Ca\u00f1uelas.<\/figcaption><\/figure><figure id=\"attachment_2718\" aria-describedby=\"caption-attachment-2718\" style=\"width: 298px\" class=\"wp-caption alignright\"><a href=\"http:\/\/www.fototallermg.com.ar\/wp-content\/uploads\/2018\/03\/13895274_10154074644704262_3819524511552045588_n.jpg\"><img loading=\"lazy\" decoding=\"async\" src=\"http:\/\/www.fototallermg.com.ar\/wp-content\/uploads\/2018\/03\/13895274_10154074644704262_3819524511552045588_n-300x176.jpg\" alt=\"\" width=\"298\" height=\"175\" \/><\/a><figcaption id=\"caption-attachment-2718\" class=\"wp-caption-text\">Salida a Recoleta, Palais de Glac\u00e9 y cementerio.<\/figcaption><\/figure><\/p>\n","protected":false},"excerpt":{"rendered":"<p>Ense\u00f1ar como a nosotros nos hubiese gustado que nos ense\u00f1en. Somos Fototaller Monte Grande, una instituci\u00f3n pionera en la ense\u00f1anza de la fotograf\u00eda en la regi\u00f3n del Conurbano Sur Bonaerense. Con m\u00e1s de quince a\u00f1os de trayectoria, hemos consolidado nuestra posici\u00f3n como uno de los centros de formaci\u00f3n fotogr\u00e1fica m\u00e1s destacados de la zona. Fundado [&hellip;]<\/p>\n","protected":false},"author":1,"featured_media":2710,"parent":0,"menu_order":0,"comment_status":"closed","ping_status":"closed","template":"","meta":{"_joinchat":[],"footnotes":""},"class_list":["post-2409","page","type-page","status-publish","has-post-thumbnail","hentry"],"_links":{"self":[{"href":"https:\/\/www.fototallermg.com.ar\/index.php?rest_route=\/wp\/v2\/pages\/2409","targetHints":{"allow":["GET"]}}],"collection":[{"href":"https:\/\/www.fototallermg.com.ar\/index.php?rest_route=\/wp\/v2\/pages"}],"about":[{"href":"https:\/\/www.fototallermg.com.ar\/index.php?rest_route=\/wp\/v2\/types\/page"}],"author":[{"embeddable":true,"href":"https:\/\/www.fototallermg.com.ar\/index.php?rest_route=\/wp\/v2\/users\/1"}],"replies":[{"embeddable":true,"href":"https:\/\/www.fototallermg.com.ar\/index.php?rest_route=%2Fwp%2Fv2%2Fcomments&post=2409"}],"version-history":[{"count":21,"href":"https:\/\/www.fototallermg.com.ar\/index.php?rest_route=\/wp\/v2\/pages\/2409\/revisions"}],"predecessor-version":[{"id":3723,"href":"https:\/\/www.fototallermg.com.ar\/index.php?rest_route=\/wp\/v2\/pages\/2409\/revisions\/3723"}],"wp:featuredmedia":[{"embeddable":true,"href":"https:\/\/www.fototallermg.com.ar\/index.php?rest_route=\/wp\/v2\/media\/2710"}],"wp:attachment":[{"href":"https:\/\/www.fototallermg.com.ar\/index.php?rest_route=%2Fwp%2Fv2%2Fmedia&parent=2409"}],"curies":[{"name":"wp","href":"https:\/\/api.w.org\/{rel}","templated":true}]}}