{"id":2412,"date":"2018-03-13T14:39:33","date_gmt":"2018-03-13T17:39:33","guid":{"rendered":"http:\/\/www.fototallermg.com.ar\/?page_id=2412"},"modified":"2023-11-30T11:00:14","modified_gmt":"2023-11-30T14:00:14","slug":"inicial","status":"publish","type":"page","link":"https:\/\/www.fototallermg.com.ar\/?page_id=2412","title":{"rendered":"Primer A\u00f1o"},"content":{"rendered":"<p>Los talleres de fotograf\u00eda Inicial se caracterizan por el descubrimiento de un mundo nuevo a trav\u00e9s del visor de una c\u00e1mara. Pasando por el aprendizaje del manejo del instrumento nos sumergimos en un viaje fotogr\u00e1fico fascinante.<\/p>\n<p>Las clases abordan temas te\u00f3ricos y pr\u00e1cticos, ejemplificando cada tema con diversos autores, grandes maestros de la historia y fot\u00f3grafos contempor\u00e1neos. La realizaci\u00f3n de salidas pr\u00e1cticas y los trabajos en estudio completan un a\u00f1o intenso e inolvidable.<\/p>\n<p><strong>Duraci\u00f3n:<\/strong> Marzo a Diciembre<br \/><strong>Carga horaria:<\/strong> Una vez por semana &#8211; 2 horas<br \/><strong>Valor e inscripci\u00f3n: <\/strong>Consultanos a<strong><br \/>+54 9 11 2460-4640<\/strong><br \/><strong>Requisitos:<\/strong> Tener cualquier c\u00e1mara para comenzar.<\/p>\n<p>\u00a0<\/p>\n<style>\/*! elementor - v3.17.0 - 08-11-2023 *\/\n.elementor-widget-image{text-align:center}.elementor-widget-image a{display:inline-block}.elementor-widget-image a img[src$=\".svg\"]{width:48px}.elementor-widget-image img{vertical-align:middle;display:inline-block}<\/style>\n<p>\t\t\t\t\t\t\t\t\t\t\t\t<img loading=\"lazy\" decoding=\"async\" width=\"1740\" height=\"2560\" src=\"https:\/\/www.fototallermg.com.ar\/wp-content\/uploads\/2023\/11\/programa-2024-fototaller-ano-1-scaled.jpg\" alt=\"\" srcset=\"https:\/\/www.fototallermg.com.ar\/wp-content\/uploads\/2023\/11\/programa-2024-fototaller-ano-1-scaled.jpg 1740w, https:\/\/www.fototallermg.com.ar\/wp-content\/uploads\/2023\/11\/programa-2024-fototaller-ano-1-204x300.jpg 204w, https:\/\/www.fototallermg.com.ar\/wp-content\/uploads\/2023\/11\/programa-2024-fototaller-ano-1-696x1024.jpg 696w, https:\/\/www.fototallermg.com.ar\/wp-content\/uploads\/2023\/11\/programa-2024-fototaller-ano-1-768x1130.jpg 768w, https:\/\/www.fototallermg.com.ar\/wp-content\/uploads\/2023\/11\/programa-2024-fototaller-ano-1-1044x1536.jpg 1044w, https:\/\/www.fototallermg.com.ar\/wp-content\/uploads\/2023\/11\/programa-2024-fototaller-ano-1-1392x2048.jpg 1392w, https:\/\/www.fototallermg.com.ar\/wp-content\/uploads\/2023\/11\/programa-2024-fototaller-ano-1-1120x1648.jpg 1120w\" sizes=\"auto, (max-width: 1740px) 100vw, 1740px\" \/><\/p>\n","protected":false},"excerpt":{"rendered":"<p>Los talleres de fotograf\u00eda Inicial se caracterizan por el descubrimiento de un mundo nuevo a trav\u00e9s del visor de una c\u00e1mara. Pasando por el aprendizaje del manejo del instrumento nos sumergimos en un viaje fotogr\u00e1fico fascinante. Las clases abordan temas te\u00f3ricos y pr\u00e1cticos, ejemplificando cada tema con diversos autores, grandes maestros de la historia y [&hellip;]<\/p>\n","protected":false},"author":1,"featured_media":2352,"parent":0,"menu_order":1,"comment_status":"closed","ping_status":"closed","template":"","meta":{"_joinchat":[],"footnotes":""},"class_list":["post-2412","page","type-page","status-publish","has-post-thumbnail","hentry"],"_links":{"self":[{"href":"https:\/\/www.fototallermg.com.ar\/index.php?rest_route=\/wp\/v2\/pages\/2412","targetHints":{"allow":["GET"]}}],"collection":[{"href":"https:\/\/www.fototallermg.com.ar\/index.php?rest_route=\/wp\/v2\/pages"}],"about":[{"href":"https:\/\/www.fototallermg.com.ar\/index.php?rest_route=\/wp\/v2\/types\/page"}],"author":[{"embeddable":true,"href":"https:\/\/www.fototallermg.com.ar\/index.php?rest_route=\/wp\/v2\/users\/1"}],"replies":[{"embeddable":true,"href":"https:\/\/www.fototallermg.com.ar\/index.php?rest_route=%2Fwp%2Fv2%2Fcomments&post=2412"}],"version-history":[{"count":19,"href":"https:\/\/www.fototallermg.com.ar\/index.php?rest_route=\/wp\/v2\/pages\/2412\/revisions"}],"predecessor-version":[{"id":3523,"href":"https:\/\/www.fototallermg.com.ar\/index.php?rest_route=\/wp\/v2\/pages\/2412\/revisions\/3523"}],"wp:featuredmedia":[{"embeddable":true,"href":"https:\/\/www.fototallermg.com.ar\/index.php?rest_route=\/wp\/v2\/media\/2352"}],"wp:attachment":[{"href":"https:\/\/www.fototallermg.com.ar\/index.php?rest_route=%2Fwp%2Fv2%2Fmedia&parent=2412"}],"curies":[{"name":"wp","href":"https:\/\/api.w.org\/{rel}","templated":true}]}}