{"id":2415,"date":"2018-03-13T14:39:34","date_gmt":"2018-03-13T17:39:34","guid":{"rendered":"http:\/\/www.fototallermg.com.ar\/?page_id=2415"},"modified":"2021-01-27T11:01:36","modified_gmt":"2021-01-27T14:01:36","slug":"fotografia-de-autor","status":"publish","type":"page","link":"https:\/\/www.fototallermg.com.ar\/?page_id=2415","title":{"rendered":"Fotograf\u00eda de Autor"},"content":{"rendered":"<p><b><i>La fotograf\u00eda de autor. La serie fotogr\u00e1fica. La mirada personal.<\/i><\/b><\/p>\n<p><span style=\"font-weight: 400;\">La din\u00e1mica del taller es la de compartir la propia fotograf\u00eda con los integrantes de mismo y de esa manera recibir devoluciones orales que ayuden a seguir desarrollando el tema y buscar o desarrollar una mirada propia.<\/span><\/p>\n<p><span style=\"font-weight: 400;\">\u2013\u00a0\u00a0\u00a0\u00a0\u00a0\u00a0\u00a0\u00a0\u00a0 Qu\u00e9 es la fotograf\u00eda de autor?<\/span><\/p>\n<p><span style=\"font-weight: 400;\">\u2013\u00a0\u00a0\u00a0\u00a0\u00a0\u00a0\u00a0\u00a0\u00a0 La foto individual y la\u00a0serie fotogr\u00e1fica.<\/span><\/p>\n<p><span style=\"font-weight: 400;\">\u2013\u00a0\u00a0\u00a0\u00a0\u00a0\u00a0\u00a0\u00a0\u00a0 Los temas, el concepto.<\/span><\/p>\n<p><span style=\"font-weight: 400;\">\u2013\u00a0\u00a0\u00a0\u00a0\u00a0\u00a0\u00a0\u00a0\u00a0 Pensar y hacer o hacer y pensar\u2026<\/span><\/p>\n<p><span style=\"font-weight: 400;\">\u2013\u00a0\u00a0\u00a0\u00a0\u00a0\u00a0\u00a0\u00a0\u00a0 La edici\u00f3n.<\/span><\/p>\n<p>El taller est\u00e1 coordinado por Leonardo Marino.\u00a0<a href=\"http:\/\/leonardomarino.com.ar\/\">http:\/\/leonardomarino.com.ar\/<\/a><\/p>\n<p><strong>Duraci\u00f3n:<\/strong>\u00a0Marzo a Diciembre<br \/>\n<strong>Carga horaria:<\/strong>\u00a0Una vez por semana \u2013 2 horas<br \/>\n<strong>Valor:<\/strong> Consultar a <a href=\"mailto:hola@fototallermg.com.ar\">hola@fototallermg.com.ar<\/a><br \/>\n<strong>Inscripci\u00f3n:<\/strong>\u00a0Sin inscripcion previa.<br \/>\n<strong>Requisitos:<\/strong>\u00a0Tener fotograf\u00edas para compartir y ganas de producir im\u00e1genes.<\/p>\n<p><strong>Leonardo Marino (1976, Argentina)<\/strong><\/p>\n<p>Fot\u00f3grafo argentino nacido en 1976, en la localidad de Monte Grande, suburbio al sudoeste de la Capital Federal de Argentina.<br \/>\nEstudi\u00f3 la carrera de Dise\u00f1o gr\u00e1fico en la UBA. En 1998 descubre su pasi\u00f3n por la fotograf\u00eda y realiza diversos cursos y talleres.<br \/>\nDesde ese tiempo trabaja como fot\u00f3grafo free-lance en distintos \u00e1mbitos, a la vez que desarrolla su obra fotogr\u00e1fica.<br \/>\nParticip\u00f3 de exposiciones individuales y colectivas desde 2001.<br \/>\nForm\u00f3 parte de los TEF (Talleres de Est\u00e9tica Fotogr\u00e1fica) de Eduardo Gil desde 2006 hasta 2015. Tambi\u00e9n realiz\u00f3 cl\u00ednica de obra con Alejandro Lipszyc. Participa actualmente de los talleres de Alberto Goldenstein y contin\u00faa desarrollando su obra personal mientras es uno de los coordinadores de Fototaller Monte Grande desde 2010.<\/p>\n<div id='gallery-1' class='gallery galleryid-2415 gallery-columns-4 gallery-size-thumbnail'><figure class='gallery-item'>\n\t\t\t<div class='gallery-icon landscape'>\n\t\t\t\t<a href='https:\/\/www.fototallermg.com.ar\/?attachment_id=2760'><img loading=\"lazy\" decoding=\"async\" width=\"150\" height=\"150\" src=\"https:\/\/www.fototallermg.com.ar\/wp-content\/uploads\/2018\/03\/Sub_Cer-006-150x150.jpg\" class=\"attachment-thumbnail size-thumbnail\" alt=\"\" srcset=\"https:\/\/www.fototallermg.com.ar\/wp-content\/uploads\/2018\/03\/Sub_Cer-006-150x150.jpg 150w, https:\/\/www.fototallermg.com.ar\/wp-content\/uploads\/2018\/03\/Sub_Cer-006-50x50.jpg 50w\" sizes=\"auto, (max-width: 150px) 100vw, 150px\" \/><\/a>\n\t\t\t<\/div><\/figure><figure class='gallery-item'>\n\t\t\t<div class='gallery-icon landscape'>\n\t\t\t\t<a href='https:\/\/www.fototallermg.com.ar\/?attachment_id=2751'><img loading=\"lazy\" decoding=\"async\" width=\"150\" height=\"150\" src=\"https:\/\/www.fototallermg.com.ar\/wp-content\/uploads\/2018\/03\/006-150x150.jpg\" class=\"attachment-thumbnail size-thumbnail\" alt=\"\" srcset=\"https:\/\/www.fototallermg.com.ar\/wp-content\/uploads\/2018\/03\/006-150x150.jpg 150w, https:\/\/www.fototallermg.com.ar\/wp-content\/uploads\/2018\/03\/006-50x50.jpg 50w\" sizes=\"auto, (max-width: 150px) 100vw, 150px\" \/><\/a>\n\t\t\t<\/div><\/figure><figure class='gallery-item'>\n\t\t\t<div class='gallery-icon landscape'>\n\t\t\t\t<a href='https:\/\/www.fototallermg.com.ar\/?attachment_id=2758'><img loading=\"lazy\" decoding=\"async\" width=\"150\" height=\"150\" src=\"https:\/\/www.fototallermg.com.ar\/wp-content\/uploads\/2018\/03\/conurbano_07-150x150.jpg\" class=\"attachment-thumbnail size-thumbnail\" alt=\"\" srcset=\"https:\/\/www.fototallermg.com.ar\/wp-content\/uploads\/2018\/03\/conurbano_07-150x150.jpg 150w, https:\/\/www.fototallermg.com.ar\/wp-content\/uploads\/2018\/03\/conurbano_07-50x50.jpg 50w\" sizes=\"auto, (max-width: 150px) 100vw, 150px\" \/><\/a>\n\t\t\t<\/div><\/figure><figure class='gallery-item'>\n\t\t\t<div class='gallery-icon landscape'>\n\t\t\t\t<a href='https:\/\/www.fototallermg.com.ar\/?attachment_id=2752'><img loading=\"lazy\" decoding=\"async\" width=\"150\" height=\"150\" src=\"https:\/\/www.fototallermg.com.ar\/wp-content\/uploads\/2018\/03\/000875970001-150x150.jpg\" class=\"attachment-thumbnail size-thumbnail\" alt=\"\" srcset=\"https:\/\/www.fototallermg.com.ar\/wp-content\/uploads\/2018\/03\/000875970001-150x150.jpg 150w, https:\/\/www.fototallermg.com.ar\/wp-content\/uploads\/2018\/03\/000875970001-50x50.jpg 50w\" sizes=\"auto, (max-width: 150px) 100vw, 150px\" \/><\/a>\n\t\t\t<\/div><\/figure><figure class='gallery-item'>\n\t\t\t<div class='gallery-icon landscape'>\n\t\t\t\t<a href='https:\/\/www.fototallermg.com.ar\/?attachment_id=2757'><img loading=\"lazy\" decoding=\"async\" width=\"150\" height=\"150\" src=\"https:\/\/www.fototallermg.com.ar\/wp-content\/uploads\/2018\/03\/conurbano_03-150x150.jpg\" class=\"attachment-thumbnail size-thumbnail\" alt=\"\" srcset=\"https:\/\/www.fototallermg.com.ar\/wp-content\/uploads\/2018\/03\/conurbano_03-150x150.jpg 150w, https:\/\/www.fototallermg.com.ar\/wp-content\/uploads\/2018\/03\/conurbano_03-50x50.jpg 50w\" sizes=\"auto, (max-width: 150px) 100vw, 150px\" \/><\/a>\n\t\t\t<\/div><\/figure><figure class='gallery-item'>\n\t\t\t<div class='gallery-icon landscape'>\n\t\t\t\t<a href='https:\/\/www.fototallermg.com.ar\/?attachment_id=2754'><img loading=\"lazy\" decoding=\"async\" width=\"150\" height=\"150\" src=\"https:\/\/www.fototallermg.com.ar\/wp-content\/uploads\/2018\/03\/lluvia-acida-150x150.jpg\" class=\"attachment-thumbnail size-thumbnail\" alt=\"\" srcset=\"https:\/\/www.fototallermg.com.ar\/wp-content\/uploads\/2018\/03\/lluvia-acida-150x150.jpg 150w, https:\/\/www.fototallermg.com.ar\/wp-content\/uploads\/2018\/03\/lluvia-acida-50x50.jpg 50w\" sizes=\"auto, (max-width: 150px) 100vw, 150px\" \/><\/a>\n\t\t\t<\/div><\/figure><figure class='gallery-item'>\n\t\t\t<div class='gallery-icon landscape'>\n\t\t\t\t<a href='https:\/\/www.fototallermg.com.ar\/?attachment_id=2755'><img loading=\"lazy\" decoding=\"async\" width=\"150\" height=\"150\" src=\"https:\/\/www.fototallermg.com.ar\/wp-content\/uploads\/2018\/03\/image0005-150x150.jpg\" class=\"attachment-thumbnail size-thumbnail\" alt=\"\" srcset=\"https:\/\/www.fototallermg.com.ar\/wp-content\/uploads\/2018\/03\/image0005-150x150.jpg 150w, https:\/\/www.fototallermg.com.ar\/wp-content\/uploads\/2018\/03\/image0005-50x50.jpg 50w\" sizes=\"auto, (max-width: 150px) 100vw, 150px\" \/><\/a>\n\t\t\t<\/div><\/figure><figure class='gallery-item'>\n\t\t\t<div class='gallery-icon landscape'>\n\t\t\t\t<a href='https:\/\/www.fototallermg.com.ar\/?attachment_id=2759'><img loading=\"lazy\" decoding=\"async\" width=\"150\" height=\"150\" src=\"https:\/\/www.fototallermg.com.ar\/wp-content\/uploads\/2018\/03\/ezeiza-150x150.jpg\" class=\"attachment-thumbnail size-thumbnail\" alt=\"\" srcset=\"https:\/\/www.fototallermg.com.ar\/wp-content\/uploads\/2018\/03\/ezeiza-150x150.jpg 150w, https:\/\/www.fototallermg.com.ar\/wp-content\/uploads\/2018\/03\/ezeiza-50x50.jpg 50w\" sizes=\"auto, (max-width: 150px) 100vw, 150px\" \/><\/a>\n\t\t\t<\/div><\/figure><figure class='gallery-item'>\n\t\t\t<div class='gallery-icon landscape'>\n\t\t\t\t<a href='https:\/\/www.fototallermg.com.ar\/?attachment_id=2756'><img loading=\"lazy\" decoding=\"async\" width=\"150\" height=\"150\" src=\"https:\/\/www.fototallermg.com.ar\/wp-content\/uploads\/2018\/03\/orfanato-_0001-150x150.jpg\" class=\"attachment-thumbnail size-thumbnail\" alt=\"\" srcset=\"https:\/\/www.fototallermg.com.ar\/wp-content\/uploads\/2018\/03\/orfanato-_0001-150x150.jpg 150w, https:\/\/www.fototallermg.com.ar\/wp-content\/uploads\/2018\/03\/orfanato-_0001-50x50.jpg 50w\" sizes=\"auto, (max-width: 150px) 100vw, 150px\" \/><\/a>\n\t\t\t<\/div><\/figure><figure class='gallery-item'>\n\t\t\t<div class='gallery-icon landscape'>\n\t\t\t\t<a href='https:\/\/www.fototallermg.com.ar\/?attachment_id=2761'><img loading=\"lazy\" decoding=\"async\" width=\"150\" height=\"150\" src=\"https:\/\/www.fototallermg.com.ar\/wp-content\/uploads\/2018\/03\/damero-150x150.jpg\" class=\"attachment-thumbnail size-thumbnail\" alt=\"\" srcset=\"https:\/\/www.fototallermg.com.ar\/wp-content\/uploads\/2018\/03\/damero-150x150.jpg 150w, https:\/\/www.fototallermg.com.ar\/wp-content\/uploads\/2018\/03\/damero-50x50.jpg 50w\" sizes=\"auto, (max-width: 150px) 100vw, 150px\" \/><\/a>\n\t\t\t<\/div><\/figure>\n\t\t<\/div>\n\n<p>Exposiciones:<\/p>\n<p>2019- Suburbios Cercanos &#8211; Epica del borde. Museo Pompeo Boggio &#8211; Fotogaler\u00eda 22 &#8211; Chivilcoy, Pcia. de Buenos Aires.<br \/>\n2019- Universos Cercanos &#8211; Colectiva. Concurso Artes visuales 2018 del Fondo Nacional de las Artes. Casa del Bicentenario, Buenos Aires.<br \/>\n2018 &#8211; (Entre) Politica e intimidad. Colectiva. Plataforma curatorial Conti-UNA &#8211; Centro Cultural Haroldo Conti. Buenos Aires.<br \/>\n2018- \u00abSuburbios Cercanos\u00bb \u00abEpica del Borde\u00bb. Individual. Galer\u00eda Nova. Ciudad de La Plata.<br \/>\n2018 &#8211; \u00abEpica del borde\u00bb. Individual. Fotogaler\u00eda del Centro Cultural Ricardo Rojas. UBA. Curador \u00abAlberto Goldenstein\u00bb.<br \/>\n2018- \u00abLuz de mujer\u00bb Facultad de Derecho UNICEN, Azul, Prov. de Buenos AIres<br \/>\n2017- Libro \u00abSuburbios Cercanos\u00bb Feria del libro de autor de Mendoza.<br \/>\n2017. \u00abSuburbios Cercanos\u00bb Cortona on the Move &#8211; Italia &#8211; Video proyecci\u00f3n con finalistas de FOLA.<br \/>\n2017- \u00abLuz de mujer\u00bb GAM Ranchos, Prov. de Buenos Aires.<br \/>\n2016- \u00abSuburbios Cercanos\u00bb FOLA Fototeca Latinoamericana, exposici\u00f3n colectiva ganadores de revisi\u00f3n de portfolios.<br \/>\n2016- \u00abLuz de Mujer\u00bb MAM La Plata. Museo de Arte y Memoria.<br \/>\n2015- \u00abSuburbios Cercanos\u00bb- Individual &#8211; Fotogaler\u00eda Museo Islas Malvinas &#8211; exMUGAFO La Plata. Buenos Aires.<br \/>\n2015 &#8211; Convocatoria Contacto Fotofest. \u00abEmergente, una mirada de Am\u00e9rica Latina\u00bb. Exposici\u00f3n Colectiva. Buenos Aires, Argentina.<br \/>\n2013 &#8211; Intervenci\u00f3n de la Estaci\u00f3n Dario Santill\u00e1n y Maximiliano Kosteki, serie Suburbios cercanos. Buenos Aires, Argentina.<br \/>\n2011 &#8211; Suburbios cercanos. Colectiva, \u201cGaler\u00eda Arte y Parte\u201d. San Telmo, Buenos Aires, Argentina.<br \/>\n2010 &#8211; Orfanato l\u00fadico. Fot\u00f3grafos Argentinos 2010, una colecci\u00f3n\u00bb Galer\u00eda Roberto Guidotti. Santa Fe. Argentina.<br \/>\n2009 &#8211; Orfanato l\u00fadico. Finalista premio Foster Catena, de Fotograf\u00eda contempor\u00e1nea. Buenos Aires, Argentina.<br \/>\n2008 &#8211; Coraz\u00f3n de Cuadril. Casa de la Cultura de Almirante Brown, en Adrogu\u00e9. Buenos Aires, Argentina.<br \/>\n2007 &#8211; Coraz\u00f3n de Cuadril. Fotogaler\u00eda de la UBA, Facultad de Ciencias Sociales. Buenos Aires, Argentina.<br \/>\n2003 &#8211; (En) el Tercer D\u00eda. Casa de la Cultura, Esteban Echeverr\u00eda. Buenos Aires, Argentina.<br \/>\n2002 &#8211; Tr\u00edadas. Casa de la Cultura, Esteban Echeverr\u00eda. Buenos Aires, Argentina.<br \/>\n&#8211; D\u00eda de la mujer. Centro Cultural El Tel\u00e9grafo\u201d Monte Grande, Buenos Aires, Argentina.<br \/>\n2001 &#8211; Im\u00e1genes Mezcladas. Casa de la Provincia de Buenos Aires, Ciudad de Buenos Aires.<br \/>\n&#8211; Im\u00e1genes mezcladas. Centro Cultural \u201cEl Tel\u00e9grafo\u201d, en Monte Grande. Buenos Aires, Argentina.<\/p>\n<p>Premios y selecciones:<\/p>\n<p>2019- Ganador del premio Estimulo del Concurso de Artes Visuales del Fondo Nacional de las Artes 2018.<br \/>\n2016-Finalista revisi\u00f3n de Portfolios FOLA. Fototeca Latinoamericana. Buenos Aires.<br \/>\n2015- Seleccionado Contacto Fotofest. Exposici\u00f3n colectiva callejera. Buenos Aires.<br \/>\n2010- Selecci\u00f3n \u00abFot\u00f3grafos Argentinos, una colecci\u00f3n\u00bb Galer\u00eda Roberto Guidotti, Santa F\u00e9, Pcia de Santa F\u00e9.<br \/>\n2009- Finalista premio Foster Catena de fotograf\u00eda contempor\u00e1nea, \u00abOrfanato L\u00fadico\u00bb. Buenos Aires<\/p>\n<p>Colecciones:<\/p>\n<p>&#8211; FOLA &#8211; Fototeca Latinoamericana &#8211; Buenos Aires.<br \/>\n&#8211; Museo de Arte y Memoria &#8211; La Plata &#8211; Buenos Aires.<\/p>\n<p>Publicaciones<\/p>\n<p>2015- Revista \u00abPuentes\u00bb noviembre. Luz de Mujer.<br \/>\n2012 &#8211; Revista Ocni Cultural, Universidad de Lomas de Zamora, Facultad de Ciencias Sociales.<br \/>\n2010 &#8211; 9 mujeres. En JPG Mag, New York. Gender Roles, issue 22.<br \/>\n2006 &#8211; Coraz\u00f3n de Cuadril. Revista FotoMundo.<\/p>\n","protected":false},"excerpt":{"rendered":"<p>La fotograf\u00eda de autor. La serie fotogr\u00e1fica. La mirada personal. La din\u00e1mica del taller es la de compartir la propia fotograf\u00eda con los integrantes de mismo y de esa manera recibir devoluciones orales que ayuden a seguir desarrollando el tema y buscar o desarrollar una mirada propia. \u2013\u00a0\u00a0\u00a0\u00a0\u00a0\u00a0\u00a0\u00a0\u00a0 Qu\u00e9 es la fotograf\u00eda de autor? \u2013\u00a0\u00a0\u00a0\u00a0\u00a0\u00a0\u00a0\u00a0\u00a0 [&hellip;]<\/p>\n","protected":false},"author":1,"featured_media":2760,"parent":0,"menu_order":0,"comment_status":"closed","ping_status":"closed","template":"","meta":{"_joinchat":[],"footnotes":""},"class_list":["post-2415","page","type-page","status-publish","has-post-thumbnail","hentry"],"_links":{"self":[{"href":"https:\/\/www.fototallermg.com.ar\/index.php?rest_route=\/wp\/v2\/pages\/2415","targetHints":{"allow":["GET"]}}],"collection":[{"href":"https:\/\/www.fototallermg.com.ar\/index.php?rest_route=\/wp\/v2\/pages"}],"about":[{"href":"https:\/\/www.fototallermg.com.ar\/index.php?rest_route=\/wp\/v2\/types\/page"}],"author":[{"embeddable":true,"href":"https:\/\/www.fototallermg.com.ar\/index.php?rest_route=\/wp\/v2\/users\/1"}],"replies":[{"embeddable":true,"href":"https:\/\/www.fototallermg.com.ar\/index.php?rest_route=%2Fwp%2Fv2%2Fcomments&post=2415"}],"version-history":[{"count":11,"href":"https:\/\/www.fototallermg.com.ar\/index.php?rest_route=\/wp\/v2\/pages\/2415\/revisions"}],"predecessor-version":[{"id":3463,"href":"https:\/\/www.fototallermg.com.ar\/index.php?rest_route=\/wp\/v2\/pages\/2415\/revisions\/3463"}],"wp:featuredmedia":[{"embeddable":true,"href":"https:\/\/www.fototallermg.com.ar\/index.php?rest_route=\/wp\/v2\/media\/2760"}],"wp:attachment":[{"href":"https:\/\/www.fototallermg.com.ar\/index.php?rest_route=%2Fwp%2Fv2%2Fmedia&parent=2415"}],"curies":[{"name":"wp","href":"https:\/\/api.w.org\/{rel}","templated":true}]}}