{"id":2417,"date":"2018-03-13T14:39:34","date_gmt":"2018-03-13T17:39:34","guid":{"rendered":"http:\/\/www.fototallermg.com.ar\/?page_id=2417"},"modified":"2025-01-03T16:30:45","modified_gmt":"2025-01-03T19:30:45","slug":"leonardo-marino","status":"publish","type":"page","link":"https:\/\/www.fototallermg.com.ar\/?page_id=2417","title":{"rendered":"Leonardo  Marino"},"content":{"rendered":"<p><strong>Leonardo Marino (1976, Argentina)<\/strong><\/p>\n<p><a href=\"http:\/\/www.leonardomarino.com.ar\">www.leonardomarino.com.ar<\/a><\/p>\n<p>Fot\u00f3grafo argentino nacido en 1976, en la localidad de Monte Grande, suburbio al sudoeste de la Capital Federal de Argentina.\u00a0<br \/>Estudi\u00f3 la carrera de Dise\u00f1o gr\u00e1fico en la UBA. En 1998 descubre su pasi\u00f3n por la fotograf\u00eda y realiza diversos cursos y talleres.<br \/>Desde ese tiempo trabaja como fot\u00f3grafo free-lance en distintos \u00e1mbitos, a la vez que desarrolla su obra fotogr\u00e1fica.<br \/>Particip\u00f3 de exposiciones individuales y colectivas desde 2001.<br \/>Form\u00f3 parte de los TEF (Talleres de Est\u00e9tica Fotogr\u00e1fica) de Eduardo Gil desde 2006 hasta 2015. Tambi\u00e9n realiz\u00f3 cl\u00ednica de obra con Alejandro Lipszyc. Participa actualmente de los talleres de Alberto Goldenstein y contin\u00faa desarrollando su obra personal mientras es uno de los coordinadores de Fototaller Monte Grande desde 2010.<\/p>\n<p>Exposiciones:<\/p>\n<p>2019- Suburbios Cercanos \u2013 Epica del borde. Museo Pompeo Boggio \u2013 Fotogaler\u00eda 22 \u2013 Chivilcoy, Pcia. de Buenos Aires.<br \/>2019- Universos Cercanos \u2013 Colectiva. Concurso Artes visuales 2018 del Fondo Nacional de las Artes. Casa del Bicentenario, Buenos Aires.<br \/>2018 \u2013 (Entre) Politica e intimidad. Colectiva. Plataforma curatorial Conti-UNA \u2013 Centro Cultural Haroldo Conti. Buenos Aires.<br \/>2018- \u00abSuburbios Cercanos\u00bb \u00abEpica del Borde\u00bb. Individual. Galer\u00eda Nova. Ciudad de La Plata.<br \/>2018 \u2013 \u00abEpica del borde\u00bb. Individual. Fotogaler\u00eda del Centro Cultural Ricardo Rojas. UBA. Curador \u00abAlberto Goldenstein\u00bb.<br \/>2018- \u00abLuz de mujer\u00bb Facultad de Derecho UNICEN, Azul, Prov. de Buenos AIres<br \/>2017- Libro \u00abSuburbios Cercanos\u00bb Feria del libro de autor de Mendoza.<br \/>2017. \u00abSuburbios Cercanos\u00bb Cortona on the Move \u2013 Italia \u2013 Video proyecci\u00f3n con finalistas de FOLA.<br \/>2017- \u00abLuz de mujer\u00bb GAM Ranchos, Prov. de Buenos Aires.<br \/>2016- \u00abSuburbios Cercanos\u00bb FOLA Fototeca Latinoamericana, exposici\u00f3n colectiva ganadores de revisi\u00f3n de portfolios.<br \/>2016- \u00abLuz de Mujer\u00bb MAM La Plata. Museo de Arte y Memoria.<br \/>2015- \u00abSuburbios Cercanos\u00bb- Individual \u2013 Fotogaler\u00eda Museo Islas Malvinas \u2013 exMUGAFO La Plata. Buenos Aires.<br \/>2015 \u2013 Convocatoria Contacto Fotofest. \u00abEmergente, una mirada de Am\u00e9rica Latina\u00bb. Exposici\u00f3n Colectiva. Buenos Aires, Argentina.<br \/>2013 \u2013 Intervenci\u00f3n de la Estaci\u00f3n Dario Santill\u00e1n y Maximiliano Kosteki, serie Suburbios cercanos. Buenos Aires, Argentina.<br \/>2011 \u2013 Suburbios cercanos. Colectiva, \u201cGaler\u00eda Arte y Parte\u201d. San Telmo, Buenos Aires, Argentina.<br \/>2010 \u2013 Orfanato l\u00fadico. Fot\u00f3grafos Argentinos 2010, una colecci\u00f3n\u00bb Galer\u00eda Roberto Guidotti. Santa Fe. Argentina.<br \/>2009 \u2013 Orfanato l\u00fadico. Finalista premio Foster Catena, de Fotograf\u00eda contempor\u00e1nea. Buenos Aires, Argentina.<br \/>2008 \u2013 Coraz\u00f3n de Cuadril. Casa de la Cultura de Almirante Brown, en Adrogu\u00e9. Buenos Aires, Argentina.<br \/>2007 \u2013 Coraz\u00f3n de Cuadril. Fotogaler\u00eda de la UBA, Facultad de Ciencias Sociales. Buenos Aires, Argentina.<br \/>2003 \u2013 (En) el Tercer D\u00eda. Casa de la Cultura, Esteban Echeverr\u00eda. Buenos Aires, Argentina.<br \/>2002 \u2013 Tr\u00edadas. Casa de la Cultura, Esteban Echeverr\u00eda. Buenos Aires, Argentina.<br \/>\u2013 D\u00eda de la mujer. Centro Cultural El Tel\u00e9grafo\u201d Monte Grande, Buenos Aires, Argentina.<br \/>2001 \u2013 Im\u00e1genes Mezcladas. Casa de la Provincia de Buenos Aires, Ciudad de Buenos Aires.<br \/>\u2013 Im\u00e1genes mezcladas. Centro Cultural \u201cEl Tel\u00e9grafo\u201d, en Monte Grande. Buenos Aires, Argentina.<\/p>\n<p>Premios y selecciones:<\/p>\n<p>2019- Ganador del premio Estimulo del Concurso de Artes Visuales del Fondo Nacional de las Artes 2018.<br \/>2016-Finalista revisi\u00f3n de Portfolios FOLA. Fototeca Latinoamericana. Buenos Aires.<br \/>2015- Seleccionado Contacto Fotofest. Exposici\u00f3n colectiva callejera. Buenos Aires.<br \/>2010- Selecci\u00f3n \u00abFot\u00f3grafos Argentinos, una colecci\u00f3n\u00bb Galer\u00eda Roberto Guidotti, Santa F\u00e9, Pcia de Santa F\u00e9.<br \/>2009- Finalista premio Foster Catena de fotograf\u00eda contempor\u00e1nea, \u00abOrfanato L\u00fadico\u00bb. Buenos Aires<\/p>\n<p>Colecciones:<\/p>\n<p>\u2013 FOLA \u2013 Fototeca Latinoamericana \u2013 Buenos Aires.<br \/>\u2013 Museo de Arte y Memoria \u2013 La Plata \u2013 Buenos Aires.<\/p>\n<p>Publicaciones<\/p>\n<p>2015- Revista \u00abPuentes\u00bb noviembre. Luz de Mujer.<br \/>2012 \u2013 Revista Ocni Cultural, Universidad de Lomas de Zamora, Facultad de Ciencias Sociales.<br \/>2010 \u2013 9 mujeres. En JPG Mag, New York. Gender Roles, issue 22.<br \/>2006 \u2013 Coraz\u00f3n de Cuadril. Revista FotoMundo.<\/p>\n<footer><a href=\"https:\/\/www.fototallermg.com.ar\/wp-admin\/post.php?post=2415&amp;action=edit\">Edit<\/a><\/footer>\n","protected":false},"excerpt":{"rendered":"<p>Leonardo Marino (1976, Argentina) www.leonardomarino.com.ar Fot\u00f3grafo argentino nacido en 1976, en la localidad de Monte Grande, suburbio al sudoeste de la Capital Federal de Argentina.\u00a0Estudi\u00f3 la carrera de Dise\u00f1o gr\u00e1fico en la UBA. En 1998 descubre su pasi\u00f3n por la fotograf\u00eda y realiza diversos cursos y talleres.Desde ese tiempo trabaja como fot\u00f3grafo free-lance en distintos [&hellip;]<\/p>\n","protected":false},"author":1,"featured_media":2757,"parent":0,"menu_order":0,"comment_status":"closed","ping_status":"closed","template":"","meta":{"_joinchat":[],"footnotes":""},"class_list":["post-2417","page","type-page","status-publish","has-post-thumbnail","hentry"],"_links":{"self":[{"href":"https:\/\/www.fototallermg.com.ar\/index.php?rest_route=\/wp\/v2\/pages\/2417","targetHints":{"allow":["GET"]}}],"collection":[{"href":"https:\/\/www.fototallermg.com.ar\/index.php?rest_route=\/wp\/v2\/pages"}],"about":[{"href":"https:\/\/www.fototallermg.com.ar\/index.php?rest_route=\/wp\/v2\/types\/page"}],"author":[{"embeddable":true,"href":"https:\/\/www.fototallermg.com.ar\/index.php?rest_route=\/wp\/v2\/users\/1"}],"replies":[{"embeddable":true,"href":"https:\/\/www.fototallermg.com.ar\/index.php?rest_route=%2Fwp%2Fv2%2Fcomments&post=2417"}],"version-history":[{"count":19,"href":"https:\/\/www.fototallermg.com.ar\/index.php?rest_route=\/wp\/v2\/pages\/2417\/revisions"}],"predecessor-version":[{"id":3603,"href":"https:\/\/www.fototallermg.com.ar\/index.php?rest_route=\/wp\/v2\/pages\/2417\/revisions\/3603"}],"wp:featuredmedia":[{"embeddable":true,"href":"https:\/\/www.fototallermg.com.ar\/index.php?rest_route=\/wp\/v2\/media\/2757"}],"wp:attachment":[{"href":"https:\/\/www.fototallermg.com.ar\/index.php?rest_route=%2Fwp%2Fv2%2Fmedia&parent=2417"}],"curies":[{"name":"wp","href":"https:\/\/api.w.org\/{rel}","templated":true}]}}