{"id":2424,"date":"2018-03-13T14:39:35","date_gmt":"2018-03-13T17:39:35","guid":{"rendered":"http:\/\/www.fototallermg.com.ar\/?page_id=2424"},"modified":"2019-08-13T09:24:08","modified_gmt":"2019-08-13T12:24:08","slug":"fotografia-de-sociales","status":"publish","type":"page","link":"https:\/\/www.fototallermg.com.ar\/?page_id=2424","title":{"rendered":"Fotograf\u00eda de Sociales"},"content":{"rendered":"<p>El taller de fotograf\u00eda en eventos sociales tiene una duraci\u00f3n de 2 meses, durante los cuales abordaremos todos los temas referidos a la actividad. Desde el lado comercial, pasando por el asesoramiento, uso y armado de equipos necesarios, la importancia fundamental del uso creativo de la luz, lo tiempos, las relaciones sociales y por supuesto la mirada, encuadres que transmiten momentos \u00fanicos e irrepetibles.<\/p>\n<p>Las clases se repartir\u00e1n en te\u00f3ricas y pr\u00e1cticas, adem\u00e1s al finalizar realizaremos una devoluci\u00f3n individual sobre la fotograf\u00eda y el equipo de cada alumno.<\/p>\n<p>Dos meses muy intensos y con mucha informaci\u00f3n para los interesados en meterse en este mundo tan especial. Adem\u00e1s de posibilitar una salida laboral a mediano plazo.<\/p>\n<p><strong>Dictado por:<\/strong>\u00a0Leonardo Marino<br \/>\n<strong>Duraci\u00f3n<\/strong>: 2 meses<br \/>\n<strong>Carga horaria:<\/strong>\u00a02 horas semanales<br \/>\n<strong>Valor:<\/strong> Consultar a <a href=\"mailto:hola@fototallermg.com.ar\">hola@fototallermg.com.ar<\/a><br \/>\n<strong>Inscripci\u00f3n:<\/strong>\u00a0Sin costo de inscripci\u00f3n<br \/>\n<strong>Conocimientos previos necesarios para participar del taller:<\/strong><\/p>\n<ul>\n<li>Manejo de c\u00e1mara fotogr\u00e1fica en modo manual.<\/li>\n<li>Tri\u00e1ngulo de exposici\u00f3n Velocidad\/Apertura\/ISO.<\/li>\n<li>Manejo de flash b\u00e1sico<\/li>\n<li>Composiciones b\u00e1sicas y focales a utilizar (retrato, medio cuerpo, plano americano, cuerpo completo, plano detalle)<\/li>\n<\/ul>\n<div id='gallery-1' class='gallery galleryid-2424 gallery-columns-4 gallery-size-thumbnail'><figure class='gallery-item'>\n\t\t\t<div class='gallery-icon landscape'>\n\t\t\t\t<a href='https:\/\/www.fototallermg.com.ar\/?attachment_id=2777'><img loading=\"lazy\" decoding=\"async\" width=\"150\" height=\"150\" src=\"https:\/\/www.fototallermg.com.ar\/wp-content\/uploads\/2018\/03\/SLIDE_016-150x150.jpg\" class=\"attachment-thumbnail size-thumbnail\" alt=\"\" srcset=\"https:\/\/www.fototallermg.com.ar\/wp-content\/uploads\/2018\/03\/SLIDE_016-150x150.jpg 150w, https:\/\/www.fototallermg.com.ar\/wp-content\/uploads\/2018\/03\/SLIDE_016-50x50.jpg 50w\" sizes=\"auto, (max-width: 150px) 100vw, 150px\" \/><\/a>\n\t\t\t<\/div><\/figure><figure class='gallery-item'>\n\t\t\t<div class='gallery-icon landscape'>\n\t\t\t\t<a href='https:\/\/www.fototallermg.com.ar\/?attachment_id=2779'><img loading=\"lazy\" decoding=\"async\" width=\"150\" height=\"150\" src=\"https:\/\/www.fototallermg.com.ar\/wp-content\/uploads\/2018\/03\/SLIDE_011-150x150.jpg\" class=\"attachment-thumbnail size-thumbnail\" alt=\"\" srcset=\"https:\/\/www.fototallermg.com.ar\/wp-content\/uploads\/2018\/03\/SLIDE_011-150x150.jpg 150w, https:\/\/www.fototallermg.com.ar\/wp-content\/uploads\/2018\/03\/SLIDE_011-50x50.jpg 50w\" sizes=\"auto, (max-width: 150px) 100vw, 150px\" \/><\/a>\n\t\t\t<\/div><\/figure><figure class='gallery-item'>\n\t\t\t<div class='gallery-icon landscape'>\n\t\t\t\t<a href='https:\/\/www.fototallermg.com.ar\/?attachment_id=2781'><img loading=\"lazy\" decoding=\"async\" width=\"150\" height=\"150\" src=\"https:\/\/www.fototallermg.com.ar\/wp-content\/uploads\/2018\/03\/SLIDE_013-150x150.jpg\" class=\"attachment-thumbnail size-thumbnail\" alt=\"\" srcset=\"https:\/\/www.fototallermg.com.ar\/wp-content\/uploads\/2018\/03\/SLIDE_013-150x150.jpg 150w, https:\/\/www.fototallermg.com.ar\/wp-content\/uploads\/2018\/03\/SLIDE_013-50x50.jpg 50w\" sizes=\"auto, (max-width: 150px) 100vw, 150px\" \/><\/a>\n\t\t\t<\/div><\/figure><figure class='gallery-item'>\n\t\t\t<div class='gallery-icon landscape'>\n\t\t\t\t<a href='https:\/\/www.fototallermg.com.ar\/?attachment_id=2782'><img loading=\"lazy\" decoding=\"async\" width=\"150\" height=\"150\" src=\"https:\/\/www.fototallermg.com.ar\/wp-content\/uploads\/2018\/03\/SLIDE_014-150x150.jpg\" class=\"attachment-thumbnail size-thumbnail\" alt=\"\" srcset=\"https:\/\/www.fototallermg.com.ar\/wp-content\/uploads\/2018\/03\/SLIDE_014-150x150.jpg 150w, https:\/\/www.fototallermg.com.ar\/wp-content\/uploads\/2018\/03\/SLIDE_014-50x50.jpg 50w\" sizes=\"auto, (max-width: 150px) 100vw, 150px\" \/><\/a>\n\t\t\t<\/div><\/figure><figure class='gallery-item'>\n\t\t\t<div class='gallery-icon landscape'>\n\t\t\t\t<a href='https:\/\/www.fototallermg.com.ar\/?attachment_id=2783'><img loading=\"lazy\" decoding=\"async\" width=\"150\" height=\"150\" src=\"https:\/\/www.fototallermg.com.ar\/wp-content\/uploads\/2018\/03\/SLIDE_015-150x150.jpg\" class=\"attachment-thumbnail size-thumbnail\" alt=\"\" srcset=\"https:\/\/www.fototallermg.com.ar\/wp-content\/uploads\/2018\/03\/SLIDE_015-150x150.jpg 150w, https:\/\/www.fototallermg.com.ar\/wp-content\/uploads\/2018\/03\/SLIDE_015-50x50.jpg 50w\" sizes=\"auto, (max-width: 150px) 100vw, 150px\" \/><\/a>\n\t\t\t<\/div><\/figure><figure class='gallery-item'>\n\t\t\t<div class='gallery-icon landscape'>\n\t\t\t\t<a href='https:\/\/www.fototallermg.com.ar\/?attachment_id=2784'><img loading=\"lazy\" decoding=\"async\" width=\"150\" height=\"150\" src=\"https:\/\/www.fototallermg.com.ar\/wp-content\/uploads\/2018\/03\/SLIDE_071-150x150.jpg\" class=\"attachment-thumbnail size-thumbnail\" alt=\"\" srcset=\"https:\/\/www.fototallermg.com.ar\/wp-content\/uploads\/2018\/03\/SLIDE_071-150x150.jpg 150w, https:\/\/www.fototallermg.com.ar\/wp-content\/uploads\/2018\/03\/SLIDE_071-50x50.jpg 50w\" sizes=\"auto, (max-width: 150px) 100vw, 150px\" \/><\/a>\n\t\t\t<\/div><\/figure><figure class='gallery-item'>\n\t\t\t<div class='gallery-icon portrait'>\n\t\t\t\t<a href='https:\/\/www.fototallermg.com.ar\/?attachment_id=2785'><img loading=\"lazy\" decoding=\"async\" width=\"150\" height=\"150\" src=\"https:\/\/www.fototallermg.com.ar\/wp-content\/uploads\/2018\/03\/SLIDE_041-150x150.jpg\" class=\"attachment-thumbnail size-thumbnail\" alt=\"\" srcset=\"https:\/\/www.fototallermg.com.ar\/wp-content\/uploads\/2018\/03\/SLIDE_041-150x150.jpg 150w, https:\/\/www.fototallermg.com.ar\/wp-content\/uploads\/2018\/03\/SLIDE_041-50x50.jpg 50w\" sizes=\"auto, (max-width: 150px) 100vw, 150px\" \/><\/a>\n\t\t\t<\/div><\/figure><figure class='gallery-item'>\n\t\t\t<div class='gallery-icon portrait'>\n\t\t\t\t<a href='https:\/\/www.fototallermg.com.ar\/?attachment_id=2786'><img loading=\"lazy\" decoding=\"async\" width=\"150\" height=\"150\" src=\"https:\/\/www.fototallermg.com.ar\/wp-content\/uploads\/2018\/03\/SLIDE_042-150x150.jpg\" class=\"attachment-thumbnail size-thumbnail\" alt=\"\" srcset=\"https:\/\/www.fototallermg.com.ar\/wp-content\/uploads\/2018\/03\/SLIDE_042-150x150.jpg 150w, https:\/\/www.fototallermg.com.ar\/wp-content\/uploads\/2018\/03\/SLIDE_042-50x50.jpg 50w\" sizes=\"auto, (max-width: 150px) 100vw, 150px\" \/><\/a>\n\t\t\t<\/div><\/figure><figure class='gallery-item'>\n\t\t\t<div class='gallery-icon portrait'>\n\t\t\t\t<a href='https:\/\/www.fototallermg.com.ar\/?attachment_id=2787'><img loading=\"lazy\" decoding=\"async\" width=\"150\" height=\"150\" src=\"https:\/\/www.fototallermg.com.ar\/wp-content\/uploads\/2018\/03\/SLIDE_045-150x150.jpg\" class=\"attachment-thumbnail size-thumbnail\" alt=\"\" srcset=\"https:\/\/www.fototallermg.com.ar\/wp-content\/uploads\/2018\/03\/SLIDE_045-150x150.jpg 150w, https:\/\/www.fototallermg.com.ar\/wp-content\/uploads\/2018\/03\/SLIDE_045-50x50.jpg 50w\" sizes=\"auto, (max-width: 150px) 100vw, 150px\" \/><\/a>\n\t\t\t<\/div><\/figure><figure class='gallery-item'>\n\t\t\t<div class='gallery-icon landscape'>\n\t\t\t\t<a href='https:\/\/www.fototallermg.com.ar\/?attachment_id=2788'><img loading=\"lazy\" decoding=\"async\" width=\"150\" height=\"150\" src=\"https:\/\/www.fototallermg.com.ar\/wp-content\/uploads\/2018\/03\/SLIDE_046-150x150.jpg\" class=\"attachment-thumbnail size-thumbnail\" alt=\"\" srcset=\"https:\/\/www.fototallermg.com.ar\/wp-content\/uploads\/2018\/03\/SLIDE_046-150x150.jpg 150w, https:\/\/www.fototallermg.com.ar\/wp-content\/uploads\/2018\/03\/SLIDE_046-50x50.jpg 50w\" sizes=\"auto, (max-width: 150px) 100vw, 150px\" \/><\/a>\n\t\t\t<\/div><\/figure><figure class='gallery-item'>\n\t\t\t<div class='gallery-icon landscape'>\n\t\t\t\t<a href='https:\/\/www.fototallermg.com.ar\/?attachment_id=2789'><img loading=\"lazy\" decoding=\"async\" width=\"150\" height=\"150\" src=\"https:\/\/www.fototallermg.com.ar\/wp-content\/uploads\/2018\/03\/SLIDE_048-150x150.jpg\" class=\"attachment-thumbnail size-thumbnail\" alt=\"\" srcset=\"https:\/\/www.fototallermg.com.ar\/wp-content\/uploads\/2018\/03\/SLIDE_048-150x150.jpg 150w, https:\/\/www.fototallermg.com.ar\/wp-content\/uploads\/2018\/03\/SLIDE_048-50x50.jpg 50w\" sizes=\"auto, (max-width: 150px) 100vw, 150px\" \/><\/a>\n\t\t\t<\/div><\/figure><figure class='gallery-item'>\n\t\t\t<div class='gallery-icon landscape'>\n\t\t\t\t<a href='https:\/\/www.fototallermg.com.ar\/?attachment_id=2790'><img loading=\"lazy\" decoding=\"async\" width=\"150\" height=\"150\" src=\"https:\/\/www.fototallermg.com.ar\/wp-content\/uploads\/2018\/03\/SLIDE_049-150x150.jpg\" class=\"attachment-thumbnail size-thumbnail\" alt=\"\" srcset=\"https:\/\/www.fototallermg.com.ar\/wp-content\/uploads\/2018\/03\/SLIDE_049-150x150.jpg 150w, https:\/\/www.fototallermg.com.ar\/wp-content\/uploads\/2018\/03\/SLIDE_049-50x50.jpg 50w\" sizes=\"auto, (max-width: 150px) 100vw, 150px\" \/><\/a>\n\t\t\t<\/div><\/figure><figure class='gallery-item'>\n\t\t\t<div class='gallery-icon landscape'>\n\t\t\t\t<a href='https:\/\/www.fototallermg.com.ar\/?attachment_id=2791'><img loading=\"lazy\" decoding=\"async\" width=\"150\" height=\"150\" src=\"https:\/\/www.fototallermg.com.ar\/wp-content\/uploads\/2018\/03\/SLIDE_052-150x150.jpg\" class=\"attachment-thumbnail size-thumbnail\" alt=\"\" srcset=\"https:\/\/www.fototallermg.com.ar\/wp-content\/uploads\/2018\/03\/SLIDE_052-150x150.jpg 150w, https:\/\/www.fototallermg.com.ar\/wp-content\/uploads\/2018\/03\/SLIDE_052-50x50.jpg 50w\" sizes=\"auto, (max-width: 150px) 100vw, 150px\" \/><\/a>\n\t\t\t<\/div><\/figure><figure class='gallery-item'>\n\t\t\t<div class='gallery-icon landscape'>\n\t\t\t\t<a href='https:\/\/www.fototallermg.com.ar\/?attachment_id=2792'><img loading=\"lazy\" decoding=\"async\" width=\"150\" height=\"150\" src=\"https:\/\/www.fototallermg.com.ar\/wp-content\/uploads\/2018\/03\/SLIDE_054-150x150.jpg\" class=\"attachment-thumbnail size-thumbnail\" alt=\"\" srcset=\"https:\/\/www.fototallermg.com.ar\/wp-content\/uploads\/2018\/03\/SLIDE_054-150x150.jpg 150w, https:\/\/www.fototallermg.com.ar\/wp-content\/uploads\/2018\/03\/SLIDE_054-50x50.jpg 50w\" sizes=\"auto, (max-width: 150px) 100vw, 150px\" \/><\/a>\n\t\t\t<\/div><\/figure><figure class='gallery-item'>\n\t\t\t<div class='gallery-icon landscape'>\n\t\t\t\t<a href='https:\/\/www.fototallermg.com.ar\/?attachment_id=2793'><img loading=\"lazy\" decoding=\"async\" width=\"150\" height=\"150\" src=\"https:\/\/www.fototallermg.com.ar\/wp-content\/uploads\/2018\/03\/SLIDE_058-150x150.jpg\" class=\"attachment-thumbnail size-thumbnail\" alt=\"\" srcset=\"https:\/\/www.fototallermg.com.ar\/wp-content\/uploads\/2018\/03\/SLIDE_058-150x150.jpg 150w, https:\/\/www.fototallermg.com.ar\/wp-content\/uploads\/2018\/03\/SLIDE_058-50x50.jpg 50w\" sizes=\"auto, (max-width: 150px) 100vw, 150px\" \/><\/a>\n\t\t\t<\/div><\/figure><figure class='gallery-item'>\n\t\t\t<div class='gallery-icon landscape'>\n\t\t\t\t<a href='https:\/\/www.fototallermg.com.ar\/?attachment_id=2794'><img loading=\"lazy\" decoding=\"async\" width=\"150\" height=\"150\" src=\"https:\/\/www.fototallermg.com.ar\/wp-content\/uploads\/2018\/03\/SLIDE_061-150x150.jpg\" class=\"attachment-thumbnail size-thumbnail\" alt=\"\" srcset=\"https:\/\/www.fototallermg.com.ar\/wp-content\/uploads\/2018\/03\/SLIDE_061-150x150.jpg 150w, https:\/\/www.fototallermg.com.ar\/wp-content\/uploads\/2018\/03\/SLIDE_061-50x50.jpg 50w\" sizes=\"auto, (max-width: 150px) 100vw, 150px\" \/><\/a>\n\t\t\t<\/div><\/figure><figure class='gallery-item'>\n\t\t\t<div class='gallery-icon landscape'>\n\t\t\t\t<a href='https:\/\/www.fototallermg.com.ar\/?attachment_id=2795'><img loading=\"lazy\" decoding=\"async\" width=\"150\" height=\"150\" src=\"https:\/\/www.fototallermg.com.ar\/wp-content\/uploads\/2018\/03\/SLIDE_062-150x150.jpg\" class=\"attachment-thumbnail size-thumbnail\" alt=\"\" srcset=\"https:\/\/www.fototallermg.com.ar\/wp-content\/uploads\/2018\/03\/SLIDE_062-150x150.jpg 150w, https:\/\/www.fototallermg.com.ar\/wp-content\/uploads\/2018\/03\/SLIDE_062-50x50.jpg 50w\" sizes=\"auto, (max-width: 150px) 100vw, 150px\" \/><\/a>\n\t\t\t<\/div><\/figure><figure class='gallery-item'>\n\t\t\t<div class='gallery-icon landscape'>\n\t\t\t\t<a href='https:\/\/www.fototallermg.com.ar\/?attachment_id=2778'><img loading=\"lazy\" decoding=\"async\" width=\"150\" height=\"150\" src=\"https:\/\/www.fototallermg.com.ar\/wp-content\/uploads\/2018\/03\/SLIDE_010-150x150.jpg\" class=\"attachment-thumbnail size-thumbnail\" alt=\"\" srcset=\"https:\/\/www.fototallermg.com.ar\/wp-content\/uploads\/2018\/03\/SLIDE_010-150x150.jpg 150w, https:\/\/www.fototallermg.com.ar\/wp-content\/uploads\/2018\/03\/SLIDE_010-50x50.jpg 50w\" sizes=\"auto, (max-width: 150px) 100vw, 150px\" \/><\/a>\n\t\t\t<\/div><\/figure><figure class='gallery-item'>\n\t\t\t<div class='gallery-icon portrait'>\n\t\t\t\t<a href='https:\/\/www.fototallermg.com.ar\/?attachment_id=2796'><img loading=\"lazy\" decoding=\"async\" width=\"150\" height=\"150\" src=\"https:\/\/www.fototallermg.com.ar\/wp-content\/uploads\/2018\/03\/SLIDE_065-150x150.jpg\" class=\"attachment-thumbnail size-thumbnail\" alt=\"\" srcset=\"https:\/\/www.fototallermg.com.ar\/wp-content\/uploads\/2018\/03\/SLIDE_065-150x150.jpg 150w, https:\/\/www.fototallermg.com.ar\/wp-content\/uploads\/2018\/03\/SLIDE_065-50x50.jpg 50w\" sizes=\"auto, (max-width: 150px) 100vw, 150px\" \/><\/a>\n\t\t\t<\/div><\/figure>\n\t\t<\/div>\n\n","protected":false},"excerpt":{"rendered":"<p>El taller de fotograf\u00eda en eventos sociales tiene una duraci\u00f3n de 2 meses, durante los cuales abordaremos todos los temas referidos a la actividad. Desde el lado comercial, pasando por el asesoramiento, uso y armado de equipos necesarios, la importancia fundamental del uso creativo de la luz, lo tiempos, las relaciones sociales y por supuesto [&hellip;]<\/p>\n","protected":false},"author":1,"featured_media":2777,"parent":0,"menu_order":0,"comment_status":"closed","ping_status":"closed","template":"","meta":{"_joinchat":[],"footnotes":""},"class_list":["post-2424","page","type-page","status-publish","has-post-thumbnail","hentry"],"_links":{"self":[{"href":"https:\/\/www.fototallermg.com.ar\/index.php?rest_route=\/wp\/v2\/pages\/2424","targetHints":{"allow":["GET"]}}],"collection":[{"href":"https:\/\/www.fototallermg.com.ar\/index.php?rest_route=\/wp\/v2\/pages"}],"about":[{"href":"https:\/\/www.fototallermg.com.ar\/index.php?rest_route=\/wp\/v2\/types\/page"}],"author":[{"embeddable":true,"href":"https:\/\/www.fototallermg.com.ar\/index.php?rest_route=\/wp\/v2\/users\/1"}],"replies":[{"embeddable":true,"href":"https:\/\/www.fototallermg.com.ar\/index.php?rest_route=%2Fwp%2Fv2%2Fcomments&post=2424"}],"version-history":[{"count":6,"href":"https:\/\/www.fototallermg.com.ar\/index.php?rest_route=\/wp\/v2\/pages\/2424\/revisions"}],"predecessor-version":[{"id":3268,"href":"https:\/\/www.fototallermg.com.ar\/index.php?rest_route=\/wp\/v2\/pages\/2424\/revisions\/3268"}],"wp:featuredmedia":[{"embeddable":true,"href":"https:\/\/www.fototallermg.com.ar\/index.php?rest_route=\/wp\/v2\/media\/2777"}],"wp:attachment":[{"href":"https:\/\/www.fototallermg.com.ar\/index.php?rest_route=%2Fwp%2Fv2%2Fmedia&parent=2424"}],"curies":[{"name":"wp","href":"https:\/\/api.w.org\/{rel}","templated":true}]}}