{"id":2426,"date":"2018-03-13T14:39:35","date_gmt":"2018-03-13T17:39:35","guid":{"rendered":"http:\/\/www.fototallermg.com.ar\/?page_id=2426"},"modified":"2026-01-02T15:15:20","modified_gmt":"2026-01-02T18:15:20","slug":"invitados","status":"publish","type":"page","link":"https:\/\/www.fototallermg.com.ar\/?page_id=2426","title":{"rendered":"Invitados"},"content":{"rendered":"<p>Fototaller Monte Grande es un espacio dedicado a fomentar la reflexi\u00f3n, el aprendizaje y la apreciaci\u00f3n de la fotograf\u00eda a trav\u00e9s de una variedad de actividades culturales y educativas. Organizamos encuentros din\u00e1micos que incluyen charlas, debates y recorridos por la obra de reconocidos fot\u00f3grafos tanto de nuestra regi\u00f3n como internacionales. Estos eventos est\u00e1n dise\u00f1ados para promover la discusi\u00f3n abierta y el intercambio de ideas, enriqueciendo as\u00ed la experiencia de quienes participan.<\/p>\n<p>Nuestros encuentros son totalmente abiertos y gratuitos, dirigidos no solo a los integrantes de nuestros talleres de fotograf\u00eda, sino tambi\u00e9n a toda la comunidad interesada en explorar y ampliar su conocimiento en esta disciplina art\u00edstica. La intenci\u00f3n es democratizar el acceso a la cultura visual, generando un espacio inclusivo donde la fotograf\u00eda sea un motor de di\u00e1logo.<\/p>\n<p>Entre los destacados profesionales y artistas que ya han compartido sus experiencias y obra con nosotros se encuentran:<\/p>\n<p>Alfredo Srur<\/p>\n<p>Maximiliano Vernazza<\/p>\n<p>H\u00e9ctor Rio<\/p>\n<p>Alban Mora<\/p>\n<p>Alejandro Lipszyc<\/p>\n<p>Sebasti\u00e1n Losada<\/p>\n<p>Mariana Lerner<\/p>\n<p>Santiago Hafford<\/p>\n<p>Eduardo Longoni<\/p>\n<p>Nicol\u00e1s Pousthomis (SUB Coop)<\/p>\n<p>Gisela Vol\u00e1<\/p>\n<p>Mart\u00edn Estol<\/p>\n<p>Luis Abadi<\/p>\n<p>Pepe Mateos<\/p>\n<p>Archivo de la Memoria Trans<\/p>\n<p>Guillermo Miconi<\/p>\n<p>Esteban Pastorino<\/p>\n<p>Guillermo Ueno<\/p>\n<p>Nora Lezano<\/p>\n<p>Eduardo Gil<\/p>\n<p>Tony Valdez<\/p>\n<p>Florencia Blanco<\/p>\n<p>Lena Szankay<\/p>\n<p>Diego Levy<\/p>\n<p>Daniel Muchiut<\/p>\n<p>Marcos Adand\u00eda<\/p>\n<p>Proyecto La Covacha<\/p>\n<p>Fernando de la Orden<\/p>\n<p>Mar\u00eda Eugenia Cerutti<\/p>\n<p>Jer\u00f3nimo Rivero<\/p>\n<p>Juan Travnik<\/p>\n<p>Fernando Yulian Martinez<\/p>\n<p>Mariana Nedelcu<\/p>\n<p>Martin Acosta<\/p>\n<p>Cada uno de estos encuentros representa una oportunidad para aprender de los referentes en el campo fotogr\u00e1fico, explorar nuevas perspectivas y fortalecer la comunidad de amantes y profesionales de la fotograf\u00eda en nuestra regi\u00f3n.<\/p>\n<p>\u00a1Te invitamos a sumarte a nuestras pr\u00f3ximas actividades y a formar parte de esta experiencia de intercambio y aprendizaje!<\/p>\n<figure class='gallery-item'>\n\t\t\t\t<a data-elementor-open-lightbox=\"yes\" data-elementor-lightbox-slideshow=\"152967c\" data-elementor-lightbox-title=\"21032806_10155235580559262_823848090387332424_n\" data-e-action-hash=\"#elementor-action%3Aaction%3Dlightbox%26settings%3DeyJpZCI6Mzc0MSwidXJsIjoiaHR0cHM6XC9cL3d3dy5mb3RvdGFsbGVybWcuY29tLmFyXC93cC1jb250ZW50XC91cGxvYWRzXC8yMDI2XC8wMVwvMjEwMzI4MDZfMTAxNTUyMzU1ODA1NTkyNjJfODIzODQ4MDkwMzg3MzMyNDI0X24tc2NhbGVkLmpwZWciLCJzbGlkZXNob3ciOiIxNTI5NjdjIn0%3D\" href='https:\/\/www.fototallermg.com.ar\/wp-content\/uploads\/2026\/01\/21032806_10155235580559262_823848090387332424_n-scaled.jpeg'><img loading=\"lazy\" width=\"150\" height=\"150\" src=\"https:\/\/www.fototallermg.com.ar\/wp-content\/uploads\/2026\/01\/21032806_10155235580559262_823848090387332424_n-150x150.jpeg\" alt=\"\" decoding=\"async\" \/><\/a><br \/>\n\t\t\t<\/figure>\n<figure class='gallery-item'>\n\t\t\t\t<a data-elementor-open-lightbox=\"yes\" data-elementor-lightbox-slideshow=\"152967c\" data-elementor-lightbox-title=\"33171964_10155915081979262_3384157087893291008_n\" data-e-action-hash=\"#elementor-action%3Aaction%3Dlightbox%26settings%3DeyJpZCI6Mzc0MiwidXJsIjoiaHR0cHM6XC9cL3d3dy5mb3RvdGFsbGVybWcuY29tLmFyXC93cC1jb250ZW50XC91cGxvYWRzXC8yMDI2XC8wMVwvMzMxNzE5NjRfMTAxNTU5MTUwODE5NzkyNjJfMzM4NDE1NzA4Nzg5MzI5MTAwOF9uLmpwZWciLCJzbGlkZXNob3ciOiIxNTI5NjdjIn0%3D\" href='https:\/\/www.fototallermg.com.ar\/wp-content\/uploads\/2026\/01\/33171964_10155915081979262_3384157087893291008_n.jpeg'><img loading=\"lazy\" width=\"150\" height=\"150\" src=\"https:\/\/www.fototallermg.com.ar\/wp-content\/uploads\/2026\/01\/33171964_10155915081979262_3384157087893291008_n-150x150.jpeg\" alt=\"\" decoding=\"async\" \/><\/a><br \/>\n\t\t\t<\/figure>\n<figure class='gallery-item'>\n\t\t\t\t<a data-elementor-open-lightbox=\"yes\" data-elementor-lightbox-slideshow=\"152967c\" data-elementor-lightbox-title=\"39515192_10156135034959262_9004497819096055808_n\" data-e-action-hash=\"#elementor-action%3Aaction%3Dlightbox%26settings%3DeyJpZCI6Mzc0MywidXJsIjoiaHR0cHM6XC9cL3d3dy5mb3RvdGFsbGVybWcuY29tLmFyXC93cC1jb250ZW50XC91cGxvYWRzXC8yMDI2XC8wMVwvMzk1MTUxOTJfMTAxNTYxMzUwMzQ5NTkyNjJfOTAwNDQ5NzgxOTA5NjA1NTgwOF9uLmpwZWciLCJzbGlkZXNob3ciOiIxNTI5NjdjIn0%3D\" href='https:\/\/www.fototallermg.com.ar\/wp-content\/uploads\/2026\/01\/39515192_10156135034959262_9004497819096055808_n.jpeg'><img loading=\"lazy\" width=\"150\" height=\"150\" src=\"https:\/\/www.fototallermg.com.ar\/wp-content\/uploads\/2026\/01\/39515192_10156135034959262_9004497819096055808_n-150x150.jpeg\" alt=\"\" decoding=\"async\" \/><\/a><br \/>\n\t\t\t<\/figure>\n<figure class='gallery-item'>\n\t\t\t\t<a data-elementor-open-lightbox=\"yes\" data-elementor-lightbox-slideshow=\"152967c\" data-elementor-lightbox-title=\"61106391_10156753636284262_7910963226722959360_n-1\" data-e-action-hash=\"#elementor-action%3Aaction%3Dlightbox%26settings%3DeyJpZCI6Mzc0NCwidXJsIjoiaHR0cHM6XC9cL3d3dy5mb3RvdGFsbGVybWcuY29tLmFyXC93cC1jb250ZW50XC91cGxvYWRzXC8yMDI2XC8wMVwvNjExMDYzOTFfMTAxNTY3NTM2MzYyODQyNjJfNzkxMDk2MzIyNjcyMjk1OTM2MF9uLTEuanBlZyIsInNsaWRlc2hvdyI6IjE1Mjk2N2MifQ%3D%3D\" href='https:\/\/www.fototallermg.com.ar\/wp-content\/uploads\/2026\/01\/61106391_10156753636284262_7910963226722959360_n-1.jpeg'><img loading=\"lazy\" width=\"150\" height=\"150\" src=\"https:\/\/www.fototallermg.com.ar\/wp-content\/uploads\/2026\/01\/61106391_10156753636284262_7910963226722959360_n-1-150x150.jpeg\" alt=\"\" decoding=\"async\" \/><\/a><br \/>\n\t\t\t<\/figure>\n<figure class='gallery-item'>\n\t\t\t\t<a data-elementor-open-lightbox=\"yes\" data-elementor-lightbox-slideshow=\"152967c\" data-elementor-lightbox-title=\"66027107_10156855432099262_3076555550243160064_n\" data-e-action-hash=\"#elementor-action%3Aaction%3Dlightbox%26settings%3DeyJpZCI6Mzc0NSwidXJsIjoiaHR0cHM6XC9cL3d3dy5mb3RvdGFsbGVybWcuY29tLmFyXC93cC1jb250ZW50XC91cGxvYWRzXC8yMDI2XC8wMVwvNjYwMjcxMDdfMTAxNTY4NTU0MzIwOTkyNjJfMzA3NjU1NTU1MDI0MzE2MDA2NF9uLmpwZWciLCJzbGlkZXNob3ciOiIxNTI5NjdjIn0%3D\" href='https:\/\/www.fototallermg.com.ar\/wp-content\/uploads\/2026\/01\/66027107_10156855432099262_3076555550243160064_n.jpeg'><img loading=\"lazy\" width=\"150\" height=\"150\" src=\"https:\/\/www.fototallermg.com.ar\/wp-content\/uploads\/2026\/01\/66027107_10156855432099262_3076555550243160064_n-150x150.jpeg\" alt=\"\" decoding=\"async\" \/><\/a><br \/>\n\t\t\t<\/figure>\n<figure class='gallery-item'>\n\t\t\t\t<a data-elementor-open-lightbox=\"yes\" data-elementor-lightbox-slideshow=\"152967c\" data-elementor-lightbox-title=\"66157641_10156855431969262_95684840493416448_n\" data-e-action-hash=\"#elementor-action%3Aaction%3Dlightbox%26settings%3DeyJpZCI6Mzc0NiwidXJsIjoiaHR0cHM6XC9cL3d3dy5mb3RvdGFsbGVybWcuY29tLmFyXC93cC1jb250ZW50XC91cGxvYWRzXC8yMDI2XC8wMVwvNjYxNTc2NDFfMTAxNTY4NTU0MzE5NjkyNjJfOTU2ODQ4NDA0OTM0MTY0NDhfbi5qcGVnIiwic2xpZGVzaG93IjoiMTUyOTY3YyJ9\" href='https:\/\/www.fototallermg.com.ar\/wp-content\/uploads\/2026\/01\/66157641_10156855431969262_95684840493416448_n.jpeg'><img loading=\"lazy\" width=\"150\" height=\"150\" src=\"https:\/\/www.fototallermg.com.ar\/wp-content\/uploads\/2026\/01\/66157641_10156855431969262_95684840493416448_n-150x150.jpeg\" alt=\"\" decoding=\"async\" \/><\/a><br \/>\n\t\t\t<\/figure>\n<figure class='gallery-item'>\n\t\t\t\t<a data-elementor-open-lightbox=\"yes\" data-elementor-lightbox-slideshow=\"152967c\" data-elementor-lightbox-title=\"66362868_10156872041419262_8489386452663140352_n\" data-e-action-hash=\"#elementor-action%3Aaction%3Dlightbox%26settings%3DeyJpZCI6Mzc0NywidXJsIjoiaHR0cHM6XC9cL3d3dy5mb3RvdGFsbGVybWcuY29tLmFyXC93cC1jb250ZW50XC91cGxvYWRzXC8yMDI2XC8wMVwvNjYzNjI4NjhfMTAxNTY4NzIwNDE0MTkyNjJfODQ4OTM4NjQ1MjY2MzE0MDM1Ml9uLmpwZyIsInNsaWRlc2hvdyI6IjE1Mjk2N2MifQ%3D%3D\" href='https:\/\/www.fototallermg.com.ar\/wp-content\/uploads\/2026\/01\/66362868_10156872041419262_8489386452663140352_n.jpg'><img loading=\"lazy\" width=\"150\" height=\"150\" src=\"https:\/\/www.fototallermg.com.ar\/wp-content\/uploads\/2026\/01\/66362868_10156872041419262_8489386452663140352_n-150x150.jpg\" alt=\"\" decoding=\"async\" \/><\/a><br \/>\n\t\t\t<\/figure>\n<figure class='gallery-item'>\n\t\t\t\t<a data-elementor-open-lightbox=\"yes\" data-elementor-lightbox-slideshow=\"152967c\" data-elementor-lightbox-title=\"76760095_10157219858849262_630788132932943872_o-1\" data-e-action-hash=\"#elementor-action%3Aaction%3Dlightbox%26settings%3DeyJpZCI6Mzc0OCwidXJsIjoiaHR0cHM6XC9cL3d3dy5mb3RvdGFsbGVybWcuY29tLmFyXC93cC1jb250ZW50XC91cGxvYWRzXC8yMDI2XC8wMVwvNzY3NjAwOTVfMTAxNTcyMTk4NTg4NDkyNjJfNjMwNzg4MTMyOTMyOTQzODcyX28tMS5qcGVnIiwic2xpZGVzaG93IjoiMTUyOTY3YyJ9\" href='https:\/\/www.fototallermg.com.ar\/wp-content\/uploads\/2026\/01\/76760095_10157219858849262_630788132932943872_o-1.jpeg'><img loading=\"lazy\" width=\"150\" height=\"150\" src=\"https:\/\/www.fototallermg.com.ar\/wp-content\/uploads\/2026\/01\/76760095_10157219858849262_630788132932943872_o-1-150x150.jpeg\" alt=\"\" decoding=\"async\" \/><\/a><br \/>\n\t\t\t<\/figure>\n<figure class='gallery-item'>\n\t\t\t\t<a data-elementor-open-lightbox=\"yes\" data-elementor-lightbox-slideshow=\"152967c\" data-elementor-lightbox-title=\"467650835_10161173845794262_3764289894694458074_n\" data-e-action-hash=\"#elementor-action%3Aaction%3Dlightbox%26settings%3DeyJpZCI6Mzc0OSwidXJsIjoiaHR0cHM6XC9cL3d3dy5mb3RvdGFsbGVybWcuY29tLmFyXC93cC1jb250ZW50XC91cGxvYWRzXC8yMDI2XC8wMVwvNDY3NjUwODM1XzEwMTYxMTczODQ1Nzk0MjYyXzM3NjQyODk4OTQ2OTQ0NTgwNzRfbi5qcGVnIiwic2xpZGVzaG93IjoiMTUyOTY3YyJ9\" href='https:\/\/www.fototallermg.com.ar\/wp-content\/uploads\/2026\/01\/467650835_10161173845794262_3764289894694458074_n.jpeg'><img loading=\"lazy\" width=\"150\" height=\"150\" src=\"https:\/\/www.fototallermg.com.ar\/wp-content\/uploads\/2026\/01\/467650835_10161173845794262_3764289894694458074_n-150x150.jpeg\" alt=\"\" decoding=\"async\" \/><\/a><br \/>\n\t\t\t<\/figure>\n<figure class='gallery-item'>\n\t\t\t\t<a data-elementor-open-lightbox=\"yes\" data-elementor-lightbox-slideshow=\"152967c\" data-elementor-lightbox-title=\"468205183_10161276569649262_1283032415843384571_n\" data-e-action-hash=\"#elementor-action%3Aaction%3Dlightbox%26settings%3DeyJpZCI6Mzc1MCwidXJsIjoiaHR0cHM6XC9cL3d3dy5mb3RvdGFsbGVybWcuY29tLmFyXC93cC1jb250ZW50XC91cGxvYWRzXC8yMDI2XC8wMVwvNDY4MjA1MTgzXzEwMTYxMjc2NTY5NjQ5MjYyXzEyODMwMzI0MTU4NDMzODQ1NzFfbi5qcGVnIiwic2xpZGVzaG93IjoiMTUyOTY3YyJ9\" href='https:\/\/www.fototallermg.com.ar\/wp-content\/uploads\/2026\/01\/468205183_10161276569649262_1283032415843384571_n.jpeg'><img loading=\"lazy\" width=\"150\" height=\"150\" src=\"https:\/\/www.fototallermg.com.ar\/wp-content\/uploads\/2026\/01\/468205183_10161276569649262_1283032415843384571_n-150x150.jpeg\" alt=\"\" decoding=\"async\" \/><\/a><br \/>\n\t\t\t<\/figure>\n<figure class='gallery-item'>\n\t\t\t\t<a data-elementor-open-lightbox=\"yes\" data-elementor-lightbox-slideshow=\"152967c\" data-elementor-lightbox-title=\"468353259_10161238116779262_1313335434758009519_n\" data-e-action-hash=\"#elementor-action%3Aaction%3Dlightbox%26settings%3DeyJpZCI6Mzc1MSwidXJsIjoiaHR0cHM6XC9cL3d3dy5mb3RvdGFsbGVybWcuY29tLmFyXC93cC1jb250ZW50XC91cGxvYWRzXC8yMDI2XC8wMVwvNDY4MzUzMjU5XzEwMTYxMjM4MTE2Nzc5MjYyXzEzMTMzMzU0MzQ3NTgwMDk1MTlfbi5qcGVnIiwic2xpZGVzaG93IjoiMTUyOTY3YyJ9\" href='https:\/\/www.fototallermg.com.ar\/wp-content\/uploads\/2026\/01\/468353259_10161238116779262_1313335434758009519_n.jpeg'><img loading=\"lazy\" width=\"150\" height=\"150\" src=\"https:\/\/www.fototallermg.com.ar\/wp-content\/uploads\/2026\/01\/468353259_10161238116779262_1313335434758009519_n-150x150.jpeg\" alt=\"\" decoding=\"async\" \/><\/a><br \/>\n\t\t\t<\/figure>\n<figure class='gallery-item'>\n\t\t\t\t<a data-elementor-open-lightbox=\"yes\" data-elementor-lightbox-slideshow=\"152967c\" data-elementor-lightbox-title=\"468522624_10161306923609262_5339847022856503273_n\" data-e-action-hash=\"#elementor-action%3Aaction%3Dlightbox%26settings%3DeyJpZCI6Mzc1MiwidXJsIjoiaHR0cHM6XC9cL3d3dy5mb3RvdGFsbGVybWcuY29tLmFyXC93cC1jb250ZW50XC91cGxvYWRzXC8yMDI2XC8wMVwvNDY4NTIyNjI0XzEwMTYxMzA2OTIzNjA5MjYyXzUzMzk4NDcwMjI4NTY1MDMyNzNfbi5qcGVnIiwic2xpZGVzaG93IjoiMTUyOTY3YyJ9\" href='https:\/\/www.fototallermg.com.ar\/wp-content\/uploads\/2026\/01\/468522624_10161306923609262_5339847022856503273_n.jpeg'><img loading=\"lazy\" width=\"150\" height=\"150\" src=\"https:\/\/www.fototallermg.com.ar\/wp-content\/uploads\/2026\/01\/468522624_10161306923609262_5339847022856503273_n-150x150.jpeg\" alt=\"\" decoding=\"async\" \/><\/a><br \/>\n\t\t\t<\/figure>\n<figure class='gallery-item'>\n\t\t\t\t<a data-elementor-open-lightbox=\"yes\" data-elementor-lightbox-slideshow=\"152967c\" data-elementor-lightbox-title=\"468591333_10161335834929262_5588247775636958398_n\" data-e-action-hash=\"#elementor-action%3Aaction%3Dlightbox%26settings%3DeyJpZCI6Mzc1MywidXJsIjoiaHR0cHM6XC9cL3d3dy5mb3RvdGFsbGVybWcuY29tLmFyXC93cC1jb250ZW50XC91cGxvYWRzXC8yMDI2XC8wMVwvNDY4NTkxMzMzXzEwMTYxMzM1ODM0OTI5MjYyXzU1ODgyNDc3NzU2MzY5NTgzOThfbi5qcGVnIiwic2xpZGVzaG93IjoiMTUyOTY3YyJ9\" href='https:\/\/www.fototallermg.com.ar\/wp-content\/uploads\/2026\/01\/468591333_10161335834929262_5588247775636958398_n.jpeg'><img loading=\"lazy\" width=\"150\" height=\"150\" src=\"https:\/\/www.fototallermg.com.ar\/wp-content\/uploads\/2026\/01\/468591333_10161335834929262_5588247775636958398_n-150x150.jpeg\" alt=\"\" decoding=\"async\" \/><\/a><br \/>\n\t\t\t<\/figure>\n<figure class='gallery-item'>\n\t\t\t\t<a data-elementor-open-lightbox=\"yes\" data-elementor-lightbox-slideshow=\"152967c\" data-elementor-lightbox-title=\"468711569_10161360132884262_4272033593135766148_n\" data-e-action-hash=\"#elementor-action%3Aaction%3Dlightbox%26settings%3DeyJpZCI6Mzc1NCwidXJsIjoiaHR0cHM6XC9cL3d3dy5mb3RvdGFsbGVybWcuY29tLmFyXC93cC1jb250ZW50XC91cGxvYWRzXC8yMDI2XC8wMVwvNDY4NzExNTY5XzEwMTYxMzYwMTMyODg0MjYyXzQyNzIwMzM1OTMxMzU3NjYxNDhfbi5qcGVnIiwic2xpZGVzaG93IjoiMTUyOTY3YyJ9\" href='https:\/\/www.fototallermg.com.ar\/wp-content\/uploads\/2026\/01\/468711569_10161360132884262_4272033593135766148_n.jpeg'><img loading=\"lazy\" width=\"150\" height=\"150\" src=\"https:\/\/www.fototallermg.com.ar\/wp-content\/uploads\/2026\/01\/468711569_10161360132884262_4272033593135766148_n-150x150.jpeg\" alt=\"\" decoding=\"async\" \/><\/a><br \/>\n\t\t\t<\/figure>\n<figure class='gallery-item'>\n\t\t\t\t<a data-elementor-open-lightbox=\"yes\" data-elementor-lightbox-slideshow=\"152967c\" data-elementor-lightbox-title=\"Captura de pantalla 2025-07-07 a la(s) 15.50.29\" data-e-action-hash=\"#elementor-action%3Aaction%3Dlightbox%26settings%3DeyJpZCI6Mzc1NSwidXJsIjoiaHR0cHM6XC9cL3d3dy5mb3RvdGFsbGVybWcuY29tLmFyXC93cC1jb250ZW50XC91cGxvYWRzXC8yMDI2XC8wMVwvQ2FwdHVyYS1kZS1wYW50YWxsYS0yMDI1LTA3LTA3LWEtbGFzLTE1LjUwLjI5LmpwZyIsInNsaWRlc2hvdyI6IjE1Mjk2N2MifQ%3D%3D\" href='https:\/\/www.fototallermg.com.ar\/wp-content\/uploads\/2026\/01\/Captura-de-pantalla-2025-07-07-a-las-15.50.29.jpg'><img loading=\"lazy\" width=\"150\" height=\"150\" src=\"https:\/\/www.fototallermg.com.ar\/wp-content\/uploads\/2026\/01\/Captura-de-pantalla-2025-07-07-a-las-15.50.29-150x150.jpg\" alt=\"\" decoding=\"async\" \/><\/a><br \/>\n\t\t\t<\/figure>\n<figure class='gallery-item'>\n\t\t\t\t<a data-elementor-open-lightbox=\"yes\" data-elementor-lightbox-slideshow=\"152967c\" data-elementor-lightbox-title=\"DSC05294\" data-e-action-hash=\"#elementor-action%3Aaction%3Dlightbox%26settings%3DeyJpZCI6Mzc1NiwidXJsIjoiaHR0cHM6XC9cL3d3dy5mb3RvdGFsbGVybWcuY29tLmFyXC93cC1jb250ZW50XC91cGxvYWRzXC8yMDI2XC8wMVwvRFNDMDUyOTQtc2NhbGVkLmpwZyIsInNsaWRlc2hvdyI6IjE1Mjk2N2MifQ%3D%3D\" href='https:\/\/www.fototallermg.com.ar\/wp-content\/uploads\/2026\/01\/DSC05294-scaled.jpg'><img loading=\"lazy\" width=\"150\" height=\"150\" src=\"https:\/\/www.fototallermg.com.ar\/wp-content\/uploads\/2026\/01\/DSC05294-150x150.jpg\" alt=\"\" decoding=\"async\" \/><\/a><br \/>\n\t\t\t<\/figure>\n<figure class='gallery-item'>\n\t\t\t\t<a data-elementor-open-lightbox=\"yes\" data-elementor-lightbox-slideshow=\"152967c\" data-elementor-lightbox-title=\"srur\" data-e-action-hash=\"#elementor-action%3Aaction%3Dlightbox%26settings%3DeyJpZCI6Mzc1NywidXJsIjoiaHR0cHM6XC9cL3d3dy5mb3RvdGFsbGVybWcuY29tLmFyXC93cC1jb250ZW50XC91cGxvYWRzXC8yMDI2XC8wMVwvc3J1ci5qcGVnIiwic2xpZGVzaG93IjoiMTUyOTY3YyJ9\" href='https:\/\/www.fototallermg.com.ar\/wp-content\/uploads\/2026\/01\/srur.jpeg'><img loading=\"lazy\" width=\"150\" height=\"150\" src=\"https:\/\/www.fototallermg.com.ar\/wp-content\/uploads\/2026\/01\/srur-150x150.jpeg\" alt=\"\" decoding=\"async\" srcset=\"https:\/\/www.fototallermg.com.ar\/wp-content\/uploads\/2026\/01\/srur-150x150.jpeg 150w, https:\/\/www.fototallermg.com.ar\/wp-content\/uploads\/2026\/01\/srur-300x300.jpeg 300w, https:\/\/www.fototallermg.com.ar\/wp-content\/uploads\/2026\/01\/srur.jpeg 646w\" sizes=\"auto, (max-width: 150px) 100vw, 150px\" \/><\/a><br \/>\n\t\t\t<\/figure>\n<figure class='gallery-item'>\n\t\t\t\t<a data-elementor-open-lightbox=\"yes\" data-elementor-lightbox-slideshow=\"152967c\" data-elementor-lightbox-title=\"travnik copy\" data-e-action-hash=\"#elementor-action%3Aaction%3Dlightbox%26settings%3DeyJpZCI6Mzc1OCwidXJsIjoiaHR0cHM6XC9cL3d3dy5mb3RvdGFsbGVybWcuY29tLmFyXC93cC1jb250ZW50XC91cGxvYWRzXC8yMDI2XC8wMVwvdHJhdm5pay1jb3B5LmpwZyIsInNsaWRlc2hvdyI6IjE1Mjk2N2MifQ%3D%3D\" href='https:\/\/www.fototallermg.com.ar\/wp-content\/uploads\/2026\/01\/travnik-copy.jpg'><img loading=\"lazy\" width=\"150\" height=\"150\" src=\"https:\/\/www.fototallermg.com.ar\/wp-content\/uploads\/2026\/01\/travnik-copy-150x150.jpg\" alt=\"\" decoding=\"async\" \/><\/a><br \/>\n\t\t\t<\/figure>\n","protected":false},"excerpt":{"rendered":"<p>Fototaller Monte Grande es un espacio dedicado a fomentar la reflexi\u00f3n, el aprendizaje y la apreciaci\u00f3n de la fotograf\u00eda a trav\u00e9s de una variedad de actividades culturales y educativas. Organizamos encuentros din\u00e1micos que incluyen charlas, debates y recorridos por la obra de reconocidos fot\u00f3grafos tanto de nuestra regi\u00f3n como internacionales. Estos eventos est\u00e1n dise\u00f1ados para [&hellip;]<\/p>\n","protected":false},"author":1,"featured_media":2936,"parent":0,"menu_order":0,"comment_status":"closed","ping_status":"closed","template":"","meta":{"_joinchat":[],"footnotes":""},"class_list":["post-2426","page","type-page","status-publish","has-post-thumbnail","hentry"],"_links":{"self":[{"href":"https:\/\/www.fototallermg.com.ar\/index.php?rest_route=\/wp\/v2\/pages\/2426","targetHints":{"allow":["GET"]}}],"collection":[{"href":"https:\/\/www.fototallermg.com.ar\/index.php?rest_route=\/wp\/v2\/pages"}],"about":[{"href":"https:\/\/www.fototallermg.com.ar\/index.php?rest_route=\/wp\/v2\/types\/page"}],"author":[{"embeddable":true,"href":"https:\/\/www.fototallermg.com.ar\/index.php?rest_route=\/wp\/v2\/users\/1"}],"replies":[{"embeddable":true,"href":"https:\/\/www.fototallermg.com.ar\/index.php?rest_route=%2Fwp%2Fv2%2Fcomments&post=2426"}],"version-history":[{"count":23,"href":"https:\/\/www.fototallermg.com.ar\/index.php?rest_route=\/wp\/v2\/pages\/2426\/revisions"}],"predecessor-version":[{"id":3761,"href":"https:\/\/www.fototallermg.com.ar\/index.php?rest_route=\/wp\/v2\/pages\/2426\/revisions\/3761"}],"wp:featuredmedia":[{"embeddable":true,"href":"https:\/\/www.fototallermg.com.ar\/index.php?rest_route=\/wp\/v2\/media\/2936"}],"wp:attachment":[{"href":"https:\/\/www.fototallermg.com.ar\/index.php?rest_route=%2Fwp%2Fv2%2Fmedia&parent=2426"}],"curies":[{"name":"wp","href":"https:\/\/api.w.org\/{rel}","templated":true}]}}