{"id":2428,"date":"2018-03-13T14:39:36","date_gmt":"2018-03-13T17:39:36","guid":{"rendered":"http:\/\/www.fototallermg.com.ar\/?page_id=2428"},"modified":"2019-08-13T09:15:47","modified_gmt":"2019-08-13T12:15:47","slug":"fotografia-documental","status":"publish","type":"page","link":"https:\/\/www.fototallermg.com.ar\/?page_id=2428","title":{"rendered":"Fotograf\u00eda Documental"},"content":{"rendered":"<p>El Taller de Fotograf\u00eda Documental a cargo del experimentado reportero gr\u00e1fico\u00a0Pepe Mateos\u00a0 tiene como objetivo\u00a0 las motivaciones y estrategias para desarrollar una narrativa visual. Gran oportunidad para aprender de un fot\u00f3grafo con m\u00e1s de 30 a\u00f1os de experiencia en los medios nacionales.<\/p>\n<p><strong>Dictado por:<\/strong>\u00a0Pepe Mateos<br \/>\n<strong>Duraci\u00f3n<\/strong>: 3 meses<br \/>\n<strong>Carga horaria:<\/strong>\u00a02 horas semanales<br \/>\n<strong>Valor:<\/strong> Consultar a <a href=\"mailto:hola@fototallermg.com.ar\">hola@fototallermg.com.ar<\/a><br \/>\n<strong>Inscripci\u00f3n:<\/strong>\u00a0Sin costo de inscripci\u00f3n<br \/>\n<strong>Conocimientos previos necesarios para participar del taller:<\/strong><\/p>\n<ul>\n<li>Manejo de c\u00e1mara fotogr\u00e1fica en modo manual.<\/li>\n<li>Tri\u00e1ngulo de exposici\u00f3n Velocidad\/Apertura\/ISO.<\/li>\n<\/ul>\n<p class=\"gmail-p1\">La premisa del taller es adquirir un conocimiento sobre la fotograf\u00eda period\u00edstica y documental a trav\u00e9s de sus distintos momentos en la historia, formas, procedimientos y autores m\u00e1s destacados (o no), sus sentidos y rol en la sociedad.<br \/>\nLa visualizaci\u00f3n de trabajos de autores y propios nos tiene que conducir a discernir cuestiones referidas a lo formal y a los contenidos.\u00a0La intenci\u00f3n es que estos conocimientos nos sirvan para analizar nuestros\u00a0proyectos y nos ayuden a encontrar nuestras propias estrategias de acci\u00f3n, realizaci\u00f3n y soportes.<\/p>\n<div id='gallery-1' class='gallery galleryid-2428 gallery-columns-3 gallery-size-thumbnail'><figure class='gallery-item'>\n\t\t\t<div class='gallery-icon landscape'>\n\t\t\t\t<a href='https:\/\/www.fototallermg.com.ar\/?attachment_id=3016'><img loading=\"lazy\" decoding=\"async\" width=\"150\" height=\"150\" src=\"https:\/\/www.fototallermg.com.ar\/wp-content\/uploads\/2018\/04\/Pis-a-los-polici\u00a6\u00fcas-1-150x150.jpg\" class=\"attachment-thumbnail size-thumbnail\" alt=\"\" srcset=\"https:\/\/www.fototallermg.com.ar\/wp-content\/uploads\/2018\/04\/Pis-a-los-polici\u00a6\u00fcas-1-150x150.jpg 150w, https:\/\/www.fototallermg.com.ar\/wp-content\/uploads\/2018\/04\/Pis-a-los-polici\u00a6\u00fcas-1-50x50.jpg 50w\" sizes=\"auto, (max-width: 150px) 100vw, 150px\" \/><\/a>\n\t\t\t<\/div><\/figure><figure class='gallery-item'>\n\t\t\t<div class='gallery-icon landscape'>\n\t\t\t\t<a href='https:\/\/www.fototallermg.com.ar\/?attachment_id=3017'><img loading=\"lazy\" decoding=\"async\" width=\"150\" height=\"150\" src=\"https:\/\/www.fototallermg.com.ar\/wp-content\/uploads\/2018\/04\/03-Te\u00a6\u00fc-en-LAs-Violetas-150x150.jpg\" class=\"attachment-thumbnail size-thumbnail\" alt=\"\" srcset=\"https:\/\/www.fototallermg.com.ar\/wp-content\/uploads\/2018\/04\/03-Te\u00a6\u00fc-en-LAs-Violetas-150x150.jpg 150w, https:\/\/www.fototallermg.com.ar\/wp-content\/uploads\/2018\/04\/03-Te\u00a6\u00fc-en-LAs-Violetas-50x50.jpg 50w\" sizes=\"auto, (max-width: 150px) 100vw, 150px\" \/><\/a>\n\t\t\t<\/div><\/figure><figure class='gallery-item'>\n\t\t\t<div class='gallery-icon landscape'>\n\t\t\t\t<a href='https:\/\/www.fototallermg.com.ar\/?attachment_id=3018'><img loading=\"lazy\" decoding=\"async\" width=\"150\" height=\"150\" src=\"https:\/\/www.fototallermg.com.ar\/wp-content\/uploads\/2018\/04\/12-incendio-en-Haedo-150x150.jpg\" class=\"attachment-thumbnail size-thumbnail\" alt=\"\" srcset=\"https:\/\/www.fototallermg.com.ar\/wp-content\/uploads\/2018\/04\/12-incendio-en-Haedo-150x150.jpg 150w, https:\/\/www.fototallermg.com.ar\/wp-content\/uploads\/2018\/04\/12-incendio-en-Haedo-50x50.jpg 50w\" sizes=\"auto, (max-width: 150px) 100vw, 150px\" \/><\/a>\n\t\t\t<\/div><\/figure><figure class='gallery-item'>\n\t\t\t<div class='gallery-icon landscape'>\n\t\t\t\t<a href='https:\/\/www.fototallermg.com.ar\/?attachment_id=3019'><img loading=\"lazy\" decoding=\"async\" width=\"150\" height=\"150\" src=\"https:\/\/www.fototallermg.com.ar\/wp-content\/uploads\/2018\/04\/19dic2001-150x150.jpg\" class=\"attachment-thumbnail size-thumbnail\" alt=\"\" srcset=\"https:\/\/www.fototallermg.com.ar\/wp-content\/uploads\/2018\/04\/19dic2001-150x150.jpg 150w, https:\/\/www.fototallermg.com.ar\/wp-content\/uploads\/2018\/04\/19dic2001-50x50.jpg 50w\" sizes=\"auto, (max-width: 150px) 100vw, 150px\" \/><\/a>\n\t\t\t<\/div><\/figure><figure class='gallery-item'>\n\t\t\t<div class='gallery-icon landscape'>\n\t\t\t\t<a href='https:\/\/www.fototallermg.com.ar\/?attachment_id=3020'><img loading=\"lazy\" decoding=\"async\" width=\"150\" height=\"150\" src=\"https:\/\/www.fototallermg.com.ar\/wp-content\/uploads\/2018\/04\/10649951_10205741673836145_1497890522896659379_n-150x150.jpg\" class=\"attachment-thumbnail size-thumbnail\" alt=\"\" srcset=\"https:\/\/www.fototallermg.com.ar\/wp-content\/uploads\/2018\/04\/10649951_10205741673836145_1497890522896659379_n-150x150.jpg 150w, https:\/\/www.fototallermg.com.ar\/wp-content\/uploads\/2018\/04\/10649951_10205741673836145_1497890522896659379_n-50x50.jpg 50w\" sizes=\"auto, (max-width: 150px) 100vw, 150px\" \/><\/a>\n\t\t\t<\/div><\/figure><figure class='gallery-item'>\n\t\t\t<div class='gallery-icon landscape'>\n\t\t\t\t<a href='https:\/\/www.fototallermg.com.ar\/?attachment_id=3021'><img loading=\"lazy\" decoding=\"async\" width=\"150\" height=\"150\" src=\"https:\/\/www.fototallermg.com.ar\/wp-content\/uploads\/2018\/04\/13895315_10209076813812560_3463029940033491854_n-150x150.jpg\" class=\"attachment-thumbnail size-thumbnail\" alt=\"\" srcset=\"https:\/\/www.fototallermg.com.ar\/wp-content\/uploads\/2018\/04\/13895315_10209076813812560_3463029940033491854_n-150x150.jpg 150w, https:\/\/www.fototallermg.com.ar\/wp-content\/uploads\/2018\/04\/13895315_10209076813812560_3463029940033491854_n-50x50.jpg 50w\" sizes=\"auto, (max-width: 150px) 100vw, 150px\" \/><\/a>\n\t\t\t<\/div><\/figure><figure class='gallery-item'>\n\t\t\t<div class='gallery-icon landscape'>\n\t\t\t\t<a href='https:\/\/www.fototallermg.com.ar\/?attachment_id=3022'><img loading=\"lazy\" decoding=\"async\" width=\"150\" height=\"150\" src=\"https:\/\/www.fototallermg.com.ar\/wp-content\/uploads\/2018\/04\/20840620_10212663133068300_3293238708547052811_n-150x150.jpg\" class=\"attachment-thumbnail size-thumbnail\" alt=\"\" srcset=\"https:\/\/www.fototallermg.com.ar\/wp-content\/uploads\/2018\/04\/20840620_10212663133068300_3293238708547052811_n-150x150.jpg 150w, https:\/\/www.fototallermg.com.ar\/wp-content\/uploads\/2018\/04\/20840620_10212663133068300_3293238708547052811_n-50x50.jpg 50w\" sizes=\"auto, (max-width: 150px) 100vw, 150px\" \/><\/a>\n\t\t\t<\/div><\/figure><figure class='gallery-item'>\n\t\t\t<div class='gallery-icon landscape'>\n\t\t\t\t<a href='https:\/\/www.fototallermg.com.ar\/?attachment_id=3023'><img loading=\"lazy\" decoding=\"async\" width=\"150\" height=\"150\" src=\"https:\/\/www.fototallermg.com.ar\/wp-content\/uploads\/2018\/04\/22008229_10212992374859139_7623097414061788748_n-150x150.jpg\" class=\"attachment-thumbnail size-thumbnail\" alt=\"\" srcset=\"https:\/\/www.fototallermg.com.ar\/wp-content\/uploads\/2018\/04\/22008229_10212992374859139_7623097414061788748_n-150x150.jpg 150w, https:\/\/www.fototallermg.com.ar\/wp-content\/uploads\/2018\/04\/22008229_10212992374859139_7623097414061788748_n-50x50.jpg 50w\" sizes=\"auto, (max-width: 150px) 100vw, 150px\" \/><\/a>\n\t\t\t<\/div><\/figure><figure class='gallery-item'>\n\t\t\t<div class='gallery-icon landscape'>\n\t\t\t\t<a href='https:\/\/www.fototallermg.com.ar\/?attachment_id=3024'><img loading=\"lazy\" decoding=\"async\" width=\"150\" height=\"150\" src=\"https:\/\/www.fototallermg.com.ar\/wp-content\/uploads\/2018\/04\/22046022_10212992396459679_9046502901136395590_n-150x150.jpg\" class=\"attachment-thumbnail size-thumbnail\" alt=\"\" srcset=\"https:\/\/www.fototallermg.com.ar\/wp-content\/uploads\/2018\/04\/22046022_10212992396459679_9046502901136395590_n-150x150.jpg 150w, https:\/\/www.fototallermg.com.ar\/wp-content\/uploads\/2018\/04\/22046022_10212992396459679_9046502901136395590_n-50x50.jpg 50w\" sizes=\"auto, (max-width: 150px) 100vw, 150px\" \/><\/a>\n\t\t\t<\/div><\/figure><figure class='gallery-item'>\n\t\t\t<div class='gallery-icon landscape'>\n\t\t\t\t<a href='https:\/\/www.fototallermg.com.ar\/?attachment_id=3025'><img loading=\"lazy\" decoding=\"async\" width=\"150\" height=\"150\" src=\"https:\/\/www.fototallermg.com.ar\/wp-content\/uploads\/2018\/04\/25289669_10213620516842296_6254997582205933156_n-150x150.jpg\" class=\"attachment-thumbnail size-thumbnail\" alt=\"\" srcset=\"https:\/\/www.fototallermg.com.ar\/wp-content\/uploads\/2018\/04\/25289669_10213620516842296_6254997582205933156_n-150x150.jpg 150w, https:\/\/www.fototallermg.com.ar\/wp-content\/uploads\/2018\/04\/25289669_10213620516842296_6254997582205933156_n-50x50.jpg 50w\" sizes=\"auto, (max-width: 150px) 100vw, 150px\" \/><\/a>\n\t\t\t<\/div><\/figure><figure class='gallery-item'>\n\t\t\t<div class='gallery-icon landscape'>\n\t\t\t\t<a href='https:\/\/www.fototallermg.com.ar\/?attachment_id=3026'><img loading=\"lazy\" decoding=\"async\" width=\"150\" height=\"150\" src=\"https:\/\/www.fototallermg.com.ar\/wp-content\/uploads\/2018\/04\/26168455_10213735581118831_2433133012923271010_n-150x150.jpg\" class=\"attachment-thumbnail size-thumbnail\" alt=\"\" srcset=\"https:\/\/www.fototallermg.com.ar\/wp-content\/uploads\/2018\/04\/26168455_10213735581118831_2433133012923271010_n-150x150.jpg 150w, https:\/\/www.fototallermg.com.ar\/wp-content\/uploads\/2018\/04\/26168455_10213735581118831_2433133012923271010_n-50x50.jpg 50w\" sizes=\"auto, (max-width: 150px) 100vw, 150px\" \/><\/a>\n\t\t\t<\/div><\/figure><figure class='gallery-item'>\n\t\t\t<div class='gallery-icon landscape'>\n\t\t\t\t<a href='https:\/\/www.fototallermg.com.ar\/?attachment_id=3027'><img loading=\"lazy\" decoding=\"async\" width=\"150\" height=\"150\" src=\"https:\/\/www.fototallermg.com.ar\/wp-content\/uploads\/2018\/04\/bad-religion-150x150.jpg\" class=\"attachment-thumbnail size-thumbnail\" alt=\"\" srcset=\"https:\/\/www.fototallermg.com.ar\/wp-content\/uploads\/2018\/04\/bad-religion-150x150.jpg 150w, https:\/\/www.fototallermg.com.ar\/wp-content\/uploads\/2018\/04\/bad-religion-50x50.jpg 50w\" sizes=\"auto, (max-width: 150px) 100vw, 150px\" \/><\/a>\n\t\t\t<\/div><\/figure><figure class='gallery-item'>\n\t\t\t<div class='gallery-icon landscape'>\n\t\t\t\t<a href='https:\/\/www.fototallermg.com.ar\/?attachment_id=3028'><img loading=\"lazy\" decoding=\"async\" width=\"150\" height=\"150\" src=\"https:\/\/www.fototallermg.com.ar\/wp-content\/uploads\/2018\/04\/brasil100-150x150.jpg\" class=\"attachment-thumbnail size-thumbnail\" alt=\"\" srcset=\"https:\/\/www.fototallermg.com.ar\/wp-content\/uploads\/2018\/04\/brasil100-150x150.jpg 150w, https:\/\/www.fototallermg.com.ar\/wp-content\/uploads\/2018\/04\/brasil100-50x50.jpg 50w\" sizes=\"auto, (max-width: 150px) 100vw, 150px\" \/><\/a>\n\t\t\t<\/div><\/figure><figure class='gallery-item'>\n\t\t\t<div class='gallery-icon landscape'>\n\t\t\t\t<a href='https:\/\/www.fototallermg.com.ar\/?attachment_id=3029'><img loading=\"lazy\" decoding=\"async\" width=\"150\" height=\"150\" src=\"https:\/\/www.fototallermg.com.ar\/wp-content\/uploads\/2018\/04\/KIRCHNERISMO065-150x150.jpg\" class=\"attachment-thumbnail size-thumbnail\" alt=\"\" srcset=\"https:\/\/www.fototallermg.com.ar\/wp-content\/uploads\/2018\/04\/KIRCHNERISMO065-150x150.jpg 150w, https:\/\/www.fototallermg.com.ar\/wp-content\/uploads\/2018\/04\/KIRCHNERISMO065-50x50.jpg 50w\" sizes=\"auto, (max-width: 150px) 100vw, 150px\" \/><\/a>\n\t\t\t<\/div><\/figure><figure class='gallery-item'>\n\t\t\t<div class='gallery-icon landscape'>\n\t\t\t\t<a href='https:\/\/www.fototallermg.com.ar\/?attachment_id=3030'><img loading=\"lazy\" decoding=\"async\" width=\"150\" height=\"150\" src=\"https:\/\/www.fototallermg.com.ar\/wp-content\/uploads\/2018\/04\/la-age-150x150.jpg\" class=\"attachment-thumbnail size-thumbnail\" alt=\"\" srcset=\"https:\/\/www.fototallermg.com.ar\/wp-content\/uploads\/2018\/04\/la-age-150x150.jpg 150w, https:\/\/www.fototallermg.com.ar\/wp-content\/uploads\/2018\/04\/la-age-50x50.jpg 50w\" sizes=\"auto, (max-width: 150px) 100vw, 150px\" \/><\/a>\n\t\t\t<\/div><\/figure>\n\t\t<\/div>\n\n<p>Pepe Mateos, Luj\u00e1n 1959<\/p>\n<p>Fotografo, entre 1984 y 1986 estudi\u00f3 cine en el Instituto de Arte Cinematogr\u00e1fico de Avellaneda.<\/p>\n<p>En 1987 comenz\u00f3 a trabajar como fot\u00f3grafo en \u201cEl diario del Neuqu\u00e9n\u201d, de la provincia de Neuqu\u00e9n.<\/p>\n<p>En 1989 particip\u00f3 en el Taller de fotograf\u00eda documental de La Plata, dictado por un grupo de fot\u00f3grafos internacionalmente reconocidos entre los que estaban Susan Meiselas, Abbas y Sebastiao Salgado.<\/p>\n<p>Trabaj\u00f3 en forma independiente para diferentes publicaciones (entre ellas \u00abdiario R\u00edo Negro\u00bb,revista \u00abAcci\u00f3n\u00bb, \u00abLa Vanguardia\u00bb, etc\u2026) .<\/p>\n<p>Desde 1992 hasta 2016 fue fotografo y editor en el departamento de fotograf\u00eda del diario Clar\u00edn.<\/p>\n<p>En 2003 recibi\u00f3 el premio \u00abRodolfo Walsh\u00bb a la Labor Period\u00edstica de la Universidad de La Plata por la cobertura de los hechos del 26 de Junio del 2002 en la estaci\u00f3n de Avellaneda, (asesinatos de Maximiliano Kosteki y Dar\u00edo Santill\u00e1n).<\/p>\n<p>Docente de Fotoperiodismo en la escuela de fotograf\u00eda de Avellaneda<\/p>\n<p>Muestras individuales<\/p>\n<p>1997 \u00abVamo`los stones\u00bb<\/p>\n<p>Bar El Mirador,Buenos Aires<\/p>\n<p>1998 \u00abLun\u00e1tica\u00bb<\/p>\n<p>Galer\u00eda El Viajero,Buenos Aires<\/p>\n<p>2005 \u00ab2002, el sitio de Buenos Aires\u00bb Biblioteca Nacional, Bs As<\/p>\n<p>Centro C\u00edvico, Bariloche<\/p>\n<p>Sala Emilio Saraco, Neuqu\u00e9n<\/p>\n<p>2006 \u00abLos ojos del Brit\u00e1nico no se cierran\u00bb Galer\u00eda Arkis,Bs As<\/p>\n<p>2012 \u00abFractura expuesta\u00bb<\/p>\n<p>Fotogaler\u00eda Teatro Gral San Martin\/Bs As<\/p>\n<p>Casa de Am\u00e9rica\/Madrid<\/p>\n<p>Escuela de Arte \u00abLa llave\u00bb \/ Bariloche<\/p>\n<p>2013 Museo Bellas Artes\/ Luj\u00e1n<\/p>\n<p>Instituto Iberoam\u00e8ricano \/Berlin Centre Civic Pati Llimona\/ Barcelona<\/p>\n<p>Museo de arte y memoria\/ La Plata<\/p>\n<p>2014 Galer\u00eda de arte \u00abDie Brucke\u00bb \/ Azul<\/p>\n<p>2014 \u00abEl camino lateral\u00bb<\/p>\n<p>Instalaci\u00f3n mural con gigantograf\u00edas en conjunto con Gerardo Delloro<\/p>\n<p>en las paredes de la Maternidad Sarda.<\/p>\n<p>2017 \u00abFr\u00edo\u00bb<\/p>\n<p>Muestra en la galer\u00eda Urquiza de Buenos Aires junto a Mar\u00eda Eugenia Cerutti<\/p>\n","protected":false},"excerpt":{"rendered":"<p>El Taller de Fotograf\u00eda Documental a cargo del experimentado reportero gr\u00e1fico\u00a0Pepe Mateos\u00a0 tiene como objetivo\u00a0 las motivaciones y estrategias para desarrollar una narrativa visual. Gran oportunidad para aprender de un fot\u00f3grafo con m\u00e1s de 30 a\u00f1os de experiencia en los medios nacionales. Dictado por:\u00a0Pepe Mateos Duraci\u00f3n: 3 meses Carga horaria:\u00a02 horas semanales Valor: Consultar a [&hellip;]<\/p>\n","protected":false},"author":1,"featured_media":2682,"parent":0,"menu_order":0,"comment_status":"closed","ping_status":"closed","template":"","meta":{"_joinchat":[],"footnotes":""},"class_list":["post-2428","page","type-page","status-publish","has-post-thumbnail","hentry"],"_links":{"self":[{"href":"https:\/\/www.fototallermg.com.ar\/index.php?rest_route=\/wp\/v2\/pages\/2428","targetHints":{"allow":["GET"]}}],"collection":[{"href":"https:\/\/www.fototallermg.com.ar\/index.php?rest_route=\/wp\/v2\/pages"}],"about":[{"href":"https:\/\/www.fototallermg.com.ar\/index.php?rest_route=\/wp\/v2\/types\/page"}],"author":[{"embeddable":true,"href":"https:\/\/www.fototallermg.com.ar\/index.php?rest_route=\/wp\/v2\/users\/1"}],"replies":[{"embeddable":true,"href":"https:\/\/www.fototallermg.com.ar\/index.php?rest_route=%2Fwp%2Fv2%2Fcomments&post=2428"}],"version-history":[{"count":8,"href":"https:\/\/www.fototallermg.com.ar\/index.php?rest_route=\/wp\/v2\/pages\/2428\/revisions"}],"predecessor-version":[{"id":3263,"href":"https:\/\/www.fototallermg.com.ar\/index.php?rest_route=\/wp\/v2\/pages\/2428\/revisions\/3263"}],"wp:featuredmedia":[{"embeddable":true,"href":"https:\/\/www.fototallermg.com.ar\/index.php?rest_route=\/wp\/v2\/media\/2682"}],"wp:attachment":[{"href":"https:\/\/www.fototallermg.com.ar\/index.php?rest_route=%2Fwp%2Fv2%2Fmedia&parent=2428"}],"curies":[{"name":"wp","href":"https:\/\/api.w.org\/{rel}","templated":true}]}}