{"id":2429,"date":"2018-03-13T14:39:36","date_gmt":"2018-03-13T17:39:36","guid":{"rendered":"http:\/\/www.fototallermg.com.ar\/?page_id=2429"},"modified":"2025-01-16T09:58:52","modified_gmt":"2025-01-16T12:58:52","slug":"fotografia-de-producto","status":"publish","type":"page","link":"https:\/\/www.fototallermg.com.ar\/?page_id=2429","title":{"rendered":"Fotograf\u00eda de Producto"},"content":{"rendered":"<p><b>Taller de Fotoproducto<\/b>\u00a0<strong>Duraci\u00f3n: 2 meses \/ Abril \u2013 Mayo<\/strong><strong>8 Clases Frecuencia Semanal<\/strong><strong>D\u00eda y horario: Miercoles 19 a 21hs<\/strong><strong>Docente: Fabi\u00e1n Bono.<\/strong><\/p>\n<p>Uno de los rubros de mayor crecimiento en estos ultimos a\u00f1os es sin dudas la fotografia de producto.Con la creciente demanda de imagenes para armar catalogos, paginas web, y grafica publicitaria, acompa\u00f1ado con la enorme cantidad de emprendedores que lanzan sus propias marcas y productos, es escencial conocer y dominar la Iluminacion de fotoproducto, donde no solo requiere de conocimientos de iluminacion en si, sino de como ejecutar las tomas en el menor tiempo y con la menor cantidad de tareas para la post produccion.\u00a0Veremos las caracteristicas de la fotografia de Catalogo, de Paginas Web y para publicidad.Priorizamos en este Taller la simplicidad de ejecucion tanto en estudio como en campo.\u00a0Finalmente veremos los topicos principales de la post produccion de las imagenes para su entrega final.\u00a0En las clases veremos de una manera practica estos temas:\u00a0<\/p>\n<ul>\n<li>Proposito y tipos de fotografia de producto.<\/li>\n<li>Caracteristicas de la luz y propiedades.<\/li>\n<li>Dinamica de uso de la luz.<\/li>\n<li>Elaboracion del set. Superficies y fondos.<\/li>\n<li>Tipos de iluminacion especiales: botellas, comida, joyeria.<\/li>\n<li>Iluminacion con luz natural\/continua.<\/li>\n<li>Iluminacion con flash.<\/li>\n<li>Construccion de ambiente.<\/li>\n<li>Mesa de producto.<\/li>\n<li>Practica con una y multiples fuentes de luz.<\/li>\n<li>Practica de Iluminacion controlada para detalle.<\/li>\n<li>Post produccion de tomas y formatos de entrega.<\/li>\n<\/ul>\n<p>###############################################################<b>\u00a0<\/b><b>Temario de Fotoproducto<\/b><b>\u00a0<\/b><u>Clase 1 09-ABR<\/u>\u00a0Proposito de la fotografia de producto.Tipos de escenas y ambientes.Caracter\u00edsticas y propiedades de la luzDin\u00e1mica de la Luz, propagacion y direccion.Luz suave y luz dura.El color en la luz.Caracteristica de la intensidad de la luz.\u00a0<u>Clase 2 16-ABR<\/u>\u00a0Elaboracion de set de toma, planificacion para catalogos.Eleccion de elementos \/ props.Definiciones de tipos de iluminacionMetodos de disparo de flash, canales y grupos.Difusores o modificadores de flashes para producto.\u00a0<u>Clase 3 23-ABR<\/u>\u00a0Iluminaci\u00f3n con Una Luz.Pr\u00e1ctica de t\u00e9cnicas utilizando una sola fuente de luz.Uso de luz natural \/ continua.\u00a0Uso de un flash.Redireecionamiento.\u00a0<u>Clase 4 30-ABR<\/u>\u00a0Iluminaci\u00f3n con Varias Fuentes de Luz.Balance entre fuentes de luz.Creacion de clima.\u00a0\u00a0<u>Clase 5 07-MAY<\/u>\u00a0Uso de la Caja de Producto.Superficies reflejantes.Alternativas al uso de caja.\u00a0<u>Clase 6 14-MAY<\/u>\u00a0Iluminacion para catalogos y Tiendas online.Produccion con modelo.\u00a0<u>Clase 7 21-MAY<\/u>\u00a0Iluminacion ambientada (Bodegon) .Comidas y bebidas.Telas \/ Texturas.Superficies reflejantes.\u00a0<u>Clase 8 28-MAY<\/u>\u00a0Post produccion de material.Formatos de entrega.Resolucion de dudas.\u00a0###############################################################<\/p>\n<div id='gallery-1' class='gallery galleryid-2429 gallery-columns-3 gallery-size-thumbnail'><figure class='gallery-item'>\n\t\t\t<div class='gallery-icon landscape'>\n\t\t\t\t<a href='https:\/\/www.fototallermg.com.ar\/?attachment_id=2824'><img loading=\"lazy\" decoding=\"async\" width=\"150\" height=\"150\" src=\"https:\/\/www.fototallermg.com.ar\/wp-content\/uploads\/2018\/03\/DSC09020-150x150.jpg\" class=\"attachment-thumbnail size-thumbnail\" alt=\"\" srcset=\"https:\/\/www.fototallermg.com.ar\/wp-content\/uploads\/2018\/03\/DSC09020-150x150.jpg 150w, https:\/\/www.fototallermg.com.ar\/wp-content\/uploads\/2018\/03\/DSC09020-50x50.jpg 50w\" sizes=\"auto, (max-width: 150px) 100vw, 150px\" \/><\/a>\n\t\t\t<\/div><\/figure><figure class='gallery-item'>\n\t\t\t<div class='gallery-icon landscape'>\n\t\t\t\t<a href='https:\/\/www.fototallermg.com.ar\/?attachment_id=2825'><img loading=\"lazy\" decoding=\"async\" width=\"150\" height=\"150\" src=\"https:\/\/www.fototallermg.com.ar\/wp-content\/uploads\/2018\/03\/DSC0903-150x150.jpg\" class=\"attachment-thumbnail size-thumbnail\" alt=\"\" srcset=\"https:\/\/www.fototallermg.com.ar\/wp-content\/uploads\/2018\/03\/DSC0903-150x150.jpg 150w, https:\/\/www.fototallermg.com.ar\/wp-content\/uploads\/2018\/03\/DSC0903-50x50.jpg 50w\" sizes=\"auto, (max-width: 150px) 100vw, 150px\" \/><\/a>\n\t\t\t<\/div><\/figure><figure class='gallery-item'>\n\t\t\t<div class='gallery-icon landscape'>\n\t\t\t\t<a href='https:\/\/www.fototallermg.com.ar\/?attachment_id=2828'><img loading=\"lazy\" decoding=\"async\" width=\"150\" height=\"150\" src=\"https:\/\/www.fototallermg.com.ar\/wp-content\/uploads\/2018\/03\/boda-8-150x150.jpg\" class=\"attachment-thumbnail size-thumbnail\" alt=\"\" srcset=\"https:\/\/www.fototallermg.com.ar\/wp-content\/uploads\/2018\/03\/boda-8-150x150.jpg 150w, https:\/\/www.fototallermg.com.ar\/wp-content\/uploads\/2018\/03\/boda-8-50x50.jpg 50w\" sizes=\"auto, (max-width: 150px) 100vw, 150px\" \/><\/a>\n\t\t\t<\/div><\/figure><figure class='gallery-item'>\n\t\t\t<div class='gallery-icon landscape'>\n\t\t\t\t<a href='https:\/\/www.fototallermg.com.ar\/?attachment_id=2830'><img loading=\"lazy\" decoding=\"async\" width=\"150\" height=\"150\" src=\"https:\/\/www.fototallermg.com.ar\/wp-content\/uploads\/2018\/03\/DSC_1492-b-150x150.jpg\" class=\"attachment-thumbnail size-thumbnail\" alt=\"\" srcset=\"https:\/\/www.fototallermg.com.ar\/wp-content\/uploads\/2018\/03\/DSC_1492-b-150x150.jpg 150w, https:\/\/www.fototallermg.com.ar\/wp-content\/uploads\/2018\/03\/DSC_1492-b-50x50.jpg 50w\" sizes=\"auto, (max-width: 150px) 100vw, 150px\" \/><\/a>\n\t\t\t<\/div><\/figure><figure class='gallery-item'>\n\t\t\t<div class='gallery-icon landscape'>\n\t\t\t\t<a href='https:\/\/www.fototallermg.com.ar\/?attachment_id=2831'><img loading=\"lazy\" decoding=\"async\" width=\"150\" height=\"150\" src=\"https:\/\/www.fototallermg.com.ar\/wp-content\/uploads\/2018\/03\/DSC_1501-150x150.jpg\" class=\"attachment-thumbnail size-thumbnail\" alt=\"\" srcset=\"https:\/\/www.fototallermg.com.ar\/wp-content\/uploads\/2018\/03\/DSC_1501-150x150.jpg 150w, https:\/\/www.fototallermg.com.ar\/wp-content\/uploads\/2018\/03\/DSC_1501-50x50.jpg 50w\" sizes=\"auto, (max-width: 150px) 100vw, 150px\" \/><\/a>\n\t\t\t<\/div><\/figure><figure class='gallery-item'>\n\t\t\t<div class='gallery-icon landscape'>\n\t\t\t\t<a href='https:\/\/www.fototallermg.com.ar\/?attachment_id=2832'><img loading=\"lazy\" decoding=\"async\" width=\"150\" height=\"150\" src=\"https:\/\/www.fototallermg.com.ar\/wp-content\/uploads\/2018\/03\/DSC_1507-150x150.jpg\" class=\"attachment-thumbnail size-thumbnail\" alt=\"\" srcset=\"https:\/\/www.fototallermg.com.ar\/wp-content\/uploads\/2018\/03\/DSC_1507-150x150.jpg 150w, https:\/\/www.fototallermg.com.ar\/wp-content\/uploads\/2018\/03\/DSC_1507-50x50.jpg 50w\" sizes=\"auto, (max-width: 150px) 100vw, 150px\" \/><\/a>\n\t\t\t<\/div><\/figure><figure class='gallery-item'>\n\t\t\t<div class='gallery-icon landscape'>\n\t\t\t\t<a href='https:\/\/www.fototallermg.com.ar\/?attachment_id=2833'><img loading=\"lazy\" decoding=\"async\" width=\"150\" height=\"150\" src=\"https:\/\/www.fototallermg.com.ar\/wp-content\/uploads\/2018\/03\/DSC08165-150x150.jpg\" class=\"attachment-thumbnail size-thumbnail\" alt=\"\" srcset=\"https:\/\/www.fototallermg.com.ar\/wp-content\/uploads\/2018\/03\/DSC08165-150x150.jpg 150w, https:\/\/www.fototallermg.com.ar\/wp-content\/uploads\/2018\/03\/DSC08165-50x50.jpg 50w\" sizes=\"auto, (max-width: 150px) 100vw, 150px\" \/><\/a>\n\t\t\t<\/div><\/figure><figure class='gallery-item'>\n\t\t\t<div class='gallery-icon portrait'>\n\t\t\t\t<a href='https:\/\/www.fototallermg.com.ar\/?attachment_id=2836'><img loading=\"lazy\" decoding=\"async\" width=\"150\" height=\"150\" src=\"https:\/\/www.fototallermg.com.ar\/wp-content\/uploads\/2018\/03\/DSC08996-150x150.jpg\" class=\"attachment-thumbnail size-thumbnail\" alt=\"\" srcset=\"https:\/\/www.fototallermg.com.ar\/wp-content\/uploads\/2018\/03\/DSC08996-150x150.jpg 150w, https:\/\/www.fototallermg.com.ar\/wp-content\/uploads\/2018\/03\/DSC08996-50x50.jpg 50w\" sizes=\"auto, (max-width: 150px) 100vw, 150px\" \/><\/a>\n\t\t\t<\/div><\/figure><figure class='gallery-item'>\n\t\t\t<div class='gallery-icon portrait'>\n\t\t\t\t<a href='https:\/\/www.fototallermg.com.ar\/?attachment_id=2839'><img loading=\"lazy\" decoding=\"async\" width=\"150\" height=\"150\" src=\"https:\/\/www.fototallermg.com.ar\/wp-content\/uploads\/2018\/03\/DSC9155-1-150x150.jpg\" class=\"attachment-thumbnail size-thumbnail\" alt=\"\" srcset=\"https:\/\/www.fototallermg.com.ar\/wp-content\/uploads\/2018\/03\/DSC9155-1-150x150.jpg 150w, https:\/\/www.fototallermg.com.ar\/wp-content\/uploads\/2018\/03\/DSC9155-1-50x50.jpg 50w\" sizes=\"auto, (max-width: 150px) 100vw, 150px\" \/><\/a>\n\t\t\t<\/div><\/figure><figure class='gallery-item'>\n\t\t\t<div class='gallery-icon landscape'>\n\t\t\t\t<a href='https:\/\/www.fototallermg.com.ar\/?attachment_id=2840'><img loading=\"lazy\" decoding=\"async\" width=\"150\" height=\"150\" src=\"https:\/\/www.fototallermg.com.ar\/wp-content\/uploads\/2018\/03\/boda-8-1-150x150.jpg\" class=\"attachment-thumbnail size-thumbnail\" alt=\"\" srcset=\"https:\/\/www.fototallermg.com.ar\/wp-content\/uploads\/2018\/03\/boda-8-1-150x150.jpg 150w, https:\/\/www.fototallermg.com.ar\/wp-content\/uploads\/2018\/03\/boda-8-1-50x50.jpg 50w\" sizes=\"auto, (max-width: 150px) 100vw, 150px\" \/><\/a>\n\t\t\t<\/div><\/figure><figure class='gallery-item'>\n\t\t\t<div class='gallery-icon landscape'>\n\t\t\t\t<a href='https:\/\/www.fototallermg.com.ar\/?attachment_id=2843'><img loading=\"lazy\" decoding=\"async\" width=\"150\" height=\"150\" src=\"https:\/\/www.fototallermg.com.ar\/wp-content\/uploads\/2018\/03\/DSC0903-1-150x150.jpg\" class=\"attachment-thumbnail size-thumbnail\" alt=\"\" srcset=\"https:\/\/www.fototallermg.com.ar\/wp-content\/uploads\/2018\/03\/DSC0903-1-150x150.jpg 150w, https:\/\/www.fototallermg.com.ar\/wp-content\/uploads\/2018\/03\/DSC0903-1-50x50.jpg 50w\" sizes=\"auto, (max-width: 150px) 100vw, 150px\" \/><\/a>\n\t\t\t<\/div><\/figure>\n\t\t<\/div>\n\n","protected":false},"excerpt":{"rendered":"<p>Taller de Fotoproducto\u00a0Duraci\u00f3n: 2 meses \/ Abril \u2013 Mayo8 Clases Frecuencia SemanalD\u00eda y horario: Miercoles 19 a 21hsDocente: Fabi\u00e1n Bono. Uno de los rubros de mayor crecimiento en estos ultimos a\u00f1os es sin dudas la fotografia de producto.Con la creciente demanda de imagenes para armar catalogos, paginas web, y grafica publicitaria, acompa\u00f1ado con la enorme [&hellip;]<\/p>\n","protected":false},"author":1,"featured_media":2828,"parent":0,"menu_order":0,"comment_status":"closed","ping_status":"closed","template":"","meta":{"_joinchat":[],"footnotes":""},"class_list":["post-2429","page","type-page","status-publish","has-post-thumbnail","hentry"],"_links":{"self":[{"href":"https:\/\/www.fototallermg.com.ar\/index.php?rest_route=\/wp\/v2\/pages\/2429","targetHints":{"allow":["GET"]}}],"collection":[{"href":"https:\/\/www.fototallermg.com.ar\/index.php?rest_route=\/wp\/v2\/pages"}],"about":[{"href":"https:\/\/www.fototallermg.com.ar\/index.php?rest_route=\/wp\/v2\/types\/page"}],"author":[{"embeddable":true,"href":"https:\/\/www.fototallermg.com.ar\/index.php?rest_route=\/wp\/v2\/users\/1"}],"replies":[{"embeddable":true,"href":"https:\/\/www.fototallermg.com.ar\/index.php?rest_route=%2Fwp%2Fv2%2Fcomments&post=2429"}],"version-history":[{"count":13,"href":"https:\/\/www.fototallermg.com.ar\/index.php?rest_route=\/wp\/v2\/pages\/2429\/revisions"}],"predecessor-version":[{"id":3628,"href":"https:\/\/www.fototallermg.com.ar\/index.php?rest_route=\/wp\/v2\/pages\/2429\/revisions\/3628"}],"wp:featuredmedia":[{"embeddable":true,"href":"https:\/\/www.fototallermg.com.ar\/index.php?rest_route=\/wp\/v2\/media\/2828"}],"wp:attachment":[{"href":"https:\/\/www.fototallermg.com.ar\/index.php?rest_route=%2Fwp%2Fv2%2Fmedia&parent=2429"}],"curies":[{"name":"wp","href":"https:\/\/api.w.org\/{rel}","templated":true}]}}