{"id":2430,"date":"2018-03-13T14:39:36","date_gmt":"2018-03-13T17:39:36","guid":{"rendered":"http:\/\/www.fototallermg.com.ar\/?page_id=2430"},"modified":"2018-03-26T10:40:58","modified_gmt":"2018-03-26T13:40:58","slug":"fotografia-de-publicidad-y-moda","status":"publish","type":"page","link":"https:\/\/www.fototallermg.com.ar\/?page_id=2430","title":{"rendered":"Fotograf\u00eda Publicitaria y Moda"},"content":{"rendered":"<p>TEMARIO<\/p>\n<p><strong>Introducci\u00f3n a la fotograf\u00eda publicitaria y de moda <\/strong><\/p>\n<ul>\n<li>Historia -Referentes -Trabajos destacados de los \u00faltimos a\u00f1os<\/li>\n<li>Conceptos publicitarios -Conceptos de la fotograf\u00eda de moda<\/li>\n<\/ul>\n<p><strong>Equipo tecnico<\/strong><\/p>\n<ul>\n<li>Equipo tecnico integrantes<\/li>\n<li>Funciones y roles de los integrantes del equipo t\u00e9cnico<\/li>\n<\/ul>\n<p><strong>Equipos\u00a0<\/strong><\/p>\n<ul>\n<li>Flashes &#8211; Accesorios<\/li>\n<li>Tripodes<\/li>\n<li>Color checker passport &#8211; Monitor<\/li>\n<li>Todo lo necesario para realizar las tomas<\/li>\n<\/ul>\n<p><strong>La Agencia \/ el cliente\u00a0<\/strong><\/p>\n<ul>\n<li>Brief de agencia<\/li>\n<li>Busqueda de informaci\u00f3n armado de estilo &#8211; Bajada de linea del cliente &#8211; Como se comporta la agencia con el fotografo<\/li>\n<li>Contratos y derechos de uso de imagen.<\/li>\n<li>Presupuestos<\/li>\n<\/ul>\n<p><strong>Producci\u00f3n de Moda \/ Producci\u00f3n <\/strong><\/p>\n<ul>\n<li>El trabajo del productor &#8211; Los Productores de moda &#8211; Estilista<\/li>\n<li>Plan de tomas &#8211; Plani\ufb01caci\u00f3n de la jornada &#8211; Tiempos del trabajo publicitario<\/li>\n<\/ul>\n<p><strong>Pelo &amp; Make up\u00a0<\/strong><\/p>\n<ul>\n<li>Funciones &#8211; Que pedirles en toma<\/li>\n<li>Como conceptualizar la idea a desarrollar<\/li>\n<\/ul>\n<p><strong>Modelos \/ Actores <\/strong><\/p>\n<ul>\n<li>Manejo de modelos &#8211; Trato con la agencia &#8211; Contratos con las agencias &#8211; OSMA \/tramite de minoridad &#8211; Casting<\/li>\n<\/ul>\n<p><strong>Escenograf\u00eda \/ direcci\u00f3n de arte\u00a0<\/strong><\/p>\n<ul>\n<li>Armado de idea &#8211; Utileria &#8211; Conceptualizaciones de la direcci\u00f3n de arte &#8211; Plan de armado de decorados &#8211; Optimizar recursos para obtener mejores resultados &#8211;<\/li>\n<li>Locaciones<\/li>\n<\/ul>\n<p><strong>Iluminaci\u00f3n publicitaria y de moda <\/strong><\/p>\n<ul>\n<li>\u00a0Esquemas b\u00e1sicos &#8211; Estilos &#8211; Concepto de la iluminaci\u00f3n publicitaria<\/li>\n<li>Color, correcci\u00f3n y herramientas de correcci\u00f3n<\/li>\n<\/ul>\n<p><strong>Revelado <\/strong><\/p>\n<ul>\n<li>Revelado para retoque publicitario &#8211; Optimizado de la imagen &#8211; M\u00e1xima Calidad (guardado de imagenes formatos) &#8211; Color chequer passport \/ tarjeta gris<\/li>\n<\/ul>\n<p><strong>Retoque <\/strong><\/p>\n<ul>\n<li>Composici\u00f3n Publicitaria en post &#8211; Pieles (tipos de retoques) &#8211; Pelos (tipos de t\u00e9cnicas) &#8211; Pinceles &#8211; Conceptos seg\u00fan el uso de la foto &#8211; Lookbook, Campa\u00f1a, Cat\u00e1logo, web. &#8211;<\/li>\n<li>Optimizado &#8211; Entrega del material al cliente<\/li>\n<\/ul>\n<p>1 Practica para que el alumno incorpore los conocimientos y experimente el trabajo en el set, adem\u00e1s pueda tener material para su portfolio. Decorado, Modelo, Make up, Pelo, Estilista.<\/p>\n<div id='gallery-1' class='gallery galleryid-2430 gallery-columns-3 gallery-size-thumbnail'><figure class='gallery-item'>\n\t\t\t<div class='gallery-icon portrait'>\n\t\t\t\t<a href='https:\/\/www.fototallermg.com.ar\/?attachment_id=2866'><img loading=\"lazy\" decoding=\"async\" width=\"150\" height=\"150\" src=\"https:\/\/www.fototallermg.com.ar\/wp-content\/uploads\/2018\/03\/Orieta-Keipert-Ph-Resumen-23-150x150.jpg\" class=\"attachment-thumbnail size-thumbnail\" alt=\"\" srcset=\"https:\/\/www.fototallermg.com.ar\/wp-content\/uploads\/2018\/03\/Orieta-Keipert-Ph-Resumen-23-150x150.jpg 150w, https:\/\/www.fototallermg.com.ar\/wp-content\/uploads\/2018\/03\/Orieta-Keipert-Ph-Resumen-23-50x50.jpg 50w\" sizes=\"auto, (max-width: 150px) 100vw, 150px\" \/><\/a>\n\t\t\t<\/div><\/figure><figure class='gallery-item'>\n\t\t\t<div class='gallery-icon landscape'>\n\t\t\t\t<a href='https:\/\/www.fototallermg.com.ar\/?attachment_id=2867'><img loading=\"lazy\" decoding=\"async\" width=\"150\" height=\"150\" src=\"https:\/\/www.fototallermg.com.ar\/wp-content\/uploads\/2018\/03\/Orieta-Keipert-Ph-Resumen-4-150x150.jpg\" class=\"attachment-thumbnail size-thumbnail\" alt=\"\" srcset=\"https:\/\/www.fototallermg.com.ar\/wp-content\/uploads\/2018\/03\/Orieta-Keipert-Ph-Resumen-4-150x150.jpg 150w, https:\/\/www.fototallermg.com.ar\/wp-content\/uploads\/2018\/03\/Orieta-Keipert-Ph-Resumen-4-50x50.jpg 50w\" sizes=\"auto, (max-width: 150px) 100vw, 150px\" \/><\/a>\n\t\t\t<\/div><\/figure><figure class='gallery-item'>\n\t\t\t<div class='gallery-icon portrait'>\n\t\t\t\t<a href='https:\/\/www.fototallermg.com.ar\/?attachment_id=2868'><img loading=\"lazy\" decoding=\"async\" width=\"150\" height=\"150\" src=\"https:\/\/www.fototallermg.com.ar\/wp-content\/uploads\/2018\/03\/Orieta-Keipert-Ph-Resumen-6-150x150.jpg\" class=\"attachment-thumbnail size-thumbnail\" alt=\"\" srcset=\"https:\/\/www.fototallermg.com.ar\/wp-content\/uploads\/2018\/03\/Orieta-Keipert-Ph-Resumen-6-150x150.jpg 150w, https:\/\/www.fototallermg.com.ar\/wp-content\/uploads\/2018\/03\/Orieta-Keipert-Ph-Resumen-6-50x50.jpg 50w\" sizes=\"auto, (max-width: 150px) 100vw, 150px\" \/><\/a>\n\t\t\t<\/div><\/figure><figure class='gallery-item'>\n\t\t\t<div class='gallery-icon portrait'>\n\t\t\t\t<a href='https:\/\/www.fototallermg.com.ar\/?attachment_id=2869'><img loading=\"lazy\" decoding=\"async\" width=\"150\" height=\"150\" src=\"https:\/\/www.fototallermg.com.ar\/wp-content\/uploads\/2018\/03\/Orieta-Keipert-Ph-Resumen-7-150x150.jpg\" class=\"attachment-thumbnail size-thumbnail\" alt=\"\" srcset=\"https:\/\/www.fototallermg.com.ar\/wp-content\/uploads\/2018\/03\/Orieta-Keipert-Ph-Resumen-7-150x150.jpg 150w, https:\/\/www.fototallermg.com.ar\/wp-content\/uploads\/2018\/03\/Orieta-Keipert-Ph-Resumen-7-50x50.jpg 50w\" sizes=\"auto, (max-width: 150px) 100vw, 150px\" \/><\/a>\n\t\t\t<\/div><\/figure><figure class='gallery-item'>\n\t\t\t<div class='gallery-icon portrait'>\n\t\t\t\t<a href='https:\/\/www.fototallermg.com.ar\/?attachment_id=2870'><img loading=\"lazy\" decoding=\"async\" width=\"150\" height=\"150\" src=\"https:\/\/www.fototallermg.com.ar\/wp-content\/uploads\/2018\/03\/Orieta-Keipert-Ph-Resumen-8-150x150.jpg\" class=\"attachment-thumbnail size-thumbnail\" alt=\"\" srcset=\"https:\/\/www.fototallermg.com.ar\/wp-content\/uploads\/2018\/03\/Orieta-Keipert-Ph-Resumen-8-150x150.jpg 150w, https:\/\/www.fototallermg.com.ar\/wp-content\/uploads\/2018\/03\/Orieta-Keipert-Ph-Resumen-8-50x50.jpg 50w\" sizes=\"auto, (max-width: 150px) 100vw, 150px\" \/><\/a>\n\t\t\t<\/div><\/figure><figure class='gallery-item'>\n\t\t\t<div class='gallery-icon portrait'>\n\t\t\t\t<a href='https:\/\/www.fototallermg.com.ar\/?attachment_id=2871'><img loading=\"lazy\" decoding=\"async\" width=\"150\" height=\"150\" src=\"https:\/\/www.fototallermg.com.ar\/wp-content\/uploads\/2018\/03\/Orieta-Keipert-Ph-Resumen-9-150x150.jpg\" class=\"attachment-thumbnail size-thumbnail\" alt=\"\" srcset=\"https:\/\/www.fototallermg.com.ar\/wp-content\/uploads\/2018\/03\/Orieta-Keipert-Ph-Resumen-9-150x150.jpg 150w, https:\/\/www.fototallermg.com.ar\/wp-content\/uploads\/2018\/03\/Orieta-Keipert-Ph-Resumen-9-50x50.jpg 50w\" sizes=\"auto, (max-width: 150px) 100vw, 150px\" \/><\/a>\n\t\t\t<\/div><\/figure><figure class='gallery-item'>\n\t\t\t<div class='gallery-icon portrait'>\n\t\t\t\t<a href='https:\/\/www.fototallermg.com.ar\/?attachment_id=2872'><img loading=\"lazy\" decoding=\"async\" width=\"150\" height=\"150\" src=\"https:\/\/www.fototallermg.com.ar\/wp-content\/uploads\/2018\/03\/Orieta-Keipert-Ph-Resumen-10-150x150.jpg\" class=\"attachment-thumbnail size-thumbnail\" alt=\"\" srcset=\"https:\/\/www.fototallermg.com.ar\/wp-content\/uploads\/2018\/03\/Orieta-Keipert-Ph-Resumen-10-150x150.jpg 150w, https:\/\/www.fototallermg.com.ar\/wp-content\/uploads\/2018\/03\/Orieta-Keipert-Ph-Resumen-10-50x50.jpg 50w\" sizes=\"auto, (max-width: 150px) 100vw, 150px\" \/><\/a>\n\t\t\t<\/div><\/figure><figure class='gallery-item'>\n\t\t\t<div class='gallery-icon portrait'>\n\t\t\t\t<a href='https:\/\/www.fototallermg.com.ar\/?attachment_id=2873'><img loading=\"lazy\" decoding=\"async\" width=\"150\" height=\"150\" src=\"https:\/\/www.fototallermg.com.ar\/wp-content\/uploads\/2018\/03\/Orieta-Keipert-Ph-Resumen-11-150x150.jpg\" class=\"attachment-thumbnail size-thumbnail\" alt=\"\" srcset=\"https:\/\/www.fototallermg.com.ar\/wp-content\/uploads\/2018\/03\/Orieta-Keipert-Ph-Resumen-11-150x150.jpg 150w, https:\/\/www.fototallermg.com.ar\/wp-content\/uploads\/2018\/03\/Orieta-Keipert-Ph-Resumen-11-50x50.jpg 50w\" sizes=\"auto, (max-width: 150px) 100vw, 150px\" \/><\/a>\n\t\t\t<\/div><\/figure><figure class='gallery-item'>\n\t\t\t<div class='gallery-icon portrait'>\n\t\t\t\t<a href='https:\/\/www.fototallermg.com.ar\/?attachment_id=2874'><img loading=\"lazy\" decoding=\"async\" width=\"150\" height=\"150\" src=\"https:\/\/www.fototallermg.com.ar\/wp-content\/uploads\/2018\/03\/Orieta-Keipert-Ph-Resumen-12-150x150.jpg\" class=\"attachment-thumbnail size-thumbnail\" alt=\"\" srcset=\"https:\/\/www.fototallermg.com.ar\/wp-content\/uploads\/2018\/03\/Orieta-Keipert-Ph-Resumen-12-150x150.jpg 150w, https:\/\/www.fototallermg.com.ar\/wp-content\/uploads\/2018\/03\/Orieta-Keipert-Ph-Resumen-12-50x50.jpg 50w\" sizes=\"auto, (max-width: 150px) 100vw, 150px\" \/><\/a>\n\t\t\t<\/div><\/figure><figure class='gallery-item'>\n\t\t\t<div class='gallery-icon portrait'>\n\t\t\t\t<a href='https:\/\/www.fototallermg.com.ar\/?attachment_id=2875'><img loading=\"lazy\" decoding=\"async\" width=\"150\" height=\"150\" src=\"https:\/\/www.fototallermg.com.ar\/wp-content\/uploads\/2018\/03\/Orieta-Keipert-Ph-Resumen-13-150x150.jpg\" class=\"attachment-thumbnail size-thumbnail\" alt=\"\" srcset=\"https:\/\/www.fototallermg.com.ar\/wp-content\/uploads\/2018\/03\/Orieta-Keipert-Ph-Resumen-13-150x150.jpg 150w, https:\/\/www.fototallermg.com.ar\/wp-content\/uploads\/2018\/03\/Orieta-Keipert-Ph-Resumen-13-50x50.jpg 50w\" sizes=\"auto, (max-width: 150px) 100vw, 150px\" \/><\/a>\n\t\t\t<\/div><\/figure><figure class='gallery-item'>\n\t\t\t<div class='gallery-icon portrait'>\n\t\t\t\t<a href='https:\/\/www.fototallermg.com.ar\/?attachment_id=2876'><img loading=\"lazy\" decoding=\"async\" width=\"150\" height=\"150\" src=\"https:\/\/www.fototallermg.com.ar\/wp-content\/uploads\/2018\/03\/Orieta-Keipert-Ph-Resumen-14-150x150.jpg\" class=\"attachment-thumbnail size-thumbnail\" alt=\"\" srcset=\"https:\/\/www.fototallermg.com.ar\/wp-content\/uploads\/2018\/03\/Orieta-Keipert-Ph-Resumen-14-150x150.jpg 150w, https:\/\/www.fototallermg.com.ar\/wp-content\/uploads\/2018\/03\/Orieta-Keipert-Ph-Resumen-14-50x50.jpg 50w\" sizes=\"auto, (max-width: 150px) 100vw, 150px\" \/><\/a>\n\t\t\t<\/div><\/figure><figure class='gallery-item'>\n\t\t\t<div class='gallery-icon portrait'>\n\t\t\t\t<a href='https:\/\/www.fototallermg.com.ar\/?attachment_id=2877'><img loading=\"lazy\" decoding=\"async\" width=\"150\" height=\"150\" src=\"https:\/\/www.fototallermg.com.ar\/wp-content\/uploads\/2018\/03\/Orieta-Keipert-Ph-Resumen-15-150x150.jpg\" class=\"attachment-thumbnail size-thumbnail\" alt=\"\" srcset=\"https:\/\/www.fototallermg.com.ar\/wp-content\/uploads\/2018\/03\/Orieta-Keipert-Ph-Resumen-15-150x150.jpg 150w, https:\/\/www.fototallermg.com.ar\/wp-content\/uploads\/2018\/03\/Orieta-Keipert-Ph-Resumen-15-50x50.jpg 50w\" sizes=\"auto, (max-width: 150px) 100vw, 150px\" \/><\/a>\n\t\t\t<\/div><\/figure><figure class='gallery-item'>\n\t\t\t<div class='gallery-icon portrait'>\n\t\t\t\t<a href='https:\/\/www.fototallermg.com.ar\/?attachment_id=2878'><img loading=\"lazy\" decoding=\"async\" width=\"150\" height=\"150\" src=\"https:\/\/www.fototallermg.com.ar\/wp-content\/uploads\/2018\/03\/Orieta-Keipert-Ph-Resumen-16-150x150.jpg\" class=\"attachment-thumbnail size-thumbnail\" alt=\"\" srcset=\"https:\/\/www.fototallermg.com.ar\/wp-content\/uploads\/2018\/03\/Orieta-Keipert-Ph-Resumen-16-150x150.jpg 150w, https:\/\/www.fototallermg.com.ar\/wp-content\/uploads\/2018\/03\/Orieta-Keipert-Ph-Resumen-16-50x50.jpg 50w\" sizes=\"auto, (max-width: 150px) 100vw, 150px\" \/><\/a>\n\t\t\t<\/div><\/figure><figure class='gallery-item'>\n\t\t\t<div class='gallery-icon portrait'>\n\t\t\t\t<a href='https:\/\/www.fototallermg.com.ar\/?attachment_id=2879'><img loading=\"lazy\" decoding=\"async\" width=\"150\" height=\"150\" src=\"https:\/\/www.fototallermg.com.ar\/wp-content\/uploads\/2018\/03\/Orieta-Keipert-Ph-Resumen-17-150x150.jpg\" class=\"attachment-thumbnail size-thumbnail\" alt=\"\" srcset=\"https:\/\/www.fototallermg.com.ar\/wp-content\/uploads\/2018\/03\/Orieta-Keipert-Ph-Resumen-17-150x150.jpg 150w, https:\/\/www.fototallermg.com.ar\/wp-content\/uploads\/2018\/03\/Orieta-Keipert-Ph-Resumen-17-50x50.jpg 50w\" sizes=\"auto, (max-width: 150px) 100vw, 150px\" \/><\/a>\n\t\t\t<\/div><\/figure><figure class='gallery-item'>\n\t\t\t<div class='gallery-icon landscape'>\n\t\t\t\t<a href='https:\/\/www.fototallermg.com.ar\/?attachment_id=2880'><img loading=\"lazy\" decoding=\"async\" width=\"150\" height=\"150\" src=\"https:\/\/www.fototallermg.com.ar\/wp-content\/uploads\/2018\/03\/Orieta-Keipert-Ph-Resumen-18-150x150.jpg\" class=\"attachment-thumbnail size-thumbnail\" alt=\"\" srcset=\"https:\/\/www.fototallermg.com.ar\/wp-content\/uploads\/2018\/03\/Orieta-Keipert-Ph-Resumen-18-150x150.jpg 150w, https:\/\/www.fototallermg.com.ar\/wp-content\/uploads\/2018\/03\/Orieta-Keipert-Ph-Resumen-18-50x50.jpg 50w\" sizes=\"auto, (max-width: 150px) 100vw, 150px\" \/><\/a>\n\t\t\t<\/div><\/figure><figure class='gallery-item'>\n\t\t\t<div class='gallery-icon portrait'>\n\t\t\t\t<a href='https:\/\/www.fototallermg.com.ar\/?attachment_id=2881'><img loading=\"lazy\" decoding=\"async\" width=\"150\" height=\"150\" src=\"https:\/\/www.fototallermg.com.ar\/wp-content\/uploads\/2018\/03\/Orieta-Keipert-Ph-Resumen-19-150x150.jpg\" class=\"attachment-thumbnail size-thumbnail\" alt=\"\" srcset=\"https:\/\/www.fototallermg.com.ar\/wp-content\/uploads\/2018\/03\/Orieta-Keipert-Ph-Resumen-19-150x150.jpg 150w, https:\/\/www.fototallermg.com.ar\/wp-content\/uploads\/2018\/03\/Orieta-Keipert-Ph-Resumen-19-50x50.jpg 50w\" sizes=\"auto, (max-width: 150px) 100vw, 150px\" \/><\/a>\n\t\t\t<\/div><\/figure><figure class='gallery-item'>\n\t\t\t<div class='gallery-icon portrait'>\n\t\t\t\t<a href='https:\/\/www.fototallermg.com.ar\/?attachment_id=2882'><img loading=\"lazy\" decoding=\"async\" width=\"150\" height=\"150\" src=\"https:\/\/www.fototallermg.com.ar\/wp-content\/uploads\/2018\/03\/Orieta-Keipert-Ph-Resumen-20-150x150.jpg\" class=\"attachment-thumbnail size-thumbnail\" alt=\"\" srcset=\"https:\/\/www.fototallermg.com.ar\/wp-content\/uploads\/2018\/03\/Orieta-Keipert-Ph-Resumen-20-150x150.jpg 150w, https:\/\/www.fototallermg.com.ar\/wp-content\/uploads\/2018\/03\/Orieta-Keipert-Ph-Resumen-20-50x50.jpg 50w\" sizes=\"auto, (max-width: 150px) 100vw, 150px\" \/><\/a>\n\t\t\t<\/div><\/figure>\n\t\t<\/div>\n\n<p>&nbsp;<\/p>\n","protected":false},"excerpt":{"rendered":"<p>TEMARIO Introducci\u00f3n a la fotograf\u00eda publicitaria y de moda Historia -Referentes -Trabajos destacados de los \u00faltimos a\u00f1os Conceptos publicitarios -Conceptos de la fotograf\u00eda de moda Equipo tecnico Equipo tecnico integrantes Funciones y roles de los integrantes del equipo t\u00e9cnico Equipos\u00a0 Flashes &#8211; Accesorios Tripodes Color checker passport &#8211; Monitor Todo lo necesario para realizar las [&hellip;]<\/p>\n","protected":false},"author":1,"featured_media":2869,"parent":0,"menu_order":0,"comment_status":"closed","ping_status":"closed","template":"","meta":{"_joinchat":[],"footnotes":""},"class_list":["post-2430","page","type-page","status-publish","has-post-thumbnail","hentry"],"_links":{"self":[{"href":"https:\/\/www.fototallermg.com.ar\/index.php?rest_route=\/wp\/v2\/pages\/2430","targetHints":{"allow":["GET"]}}],"collection":[{"href":"https:\/\/www.fototallermg.com.ar\/index.php?rest_route=\/wp\/v2\/pages"}],"about":[{"href":"https:\/\/www.fototallermg.com.ar\/index.php?rest_route=\/wp\/v2\/types\/page"}],"author":[{"embeddable":true,"href":"https:\/\/www.fototallermg.com.ar\/index.php?rest_route=\/wp\/v2\/users\/1"}],"replies":[{"embeddable":true,"href":"https:\/\/www.fototallermg.com.ar\/index.php?rest_route=%2Fwp%2Fv2%2Fcomments&post=2430"}],"version-history":[{"count":7,"href":"https:\/\/www.fototallermg.com.ar\/index.php?rest_route=\/wp\/v2\/pages\/2430\/revisions"}],"predecessor-version":[{"id":2885,"href":"https:\/\/www.fototallermg.com.ar\/index.php?rest_route=\/wp\/v2\/pages\/2430\/revisions\/2885"}],"wp:featuredmedia":[{"embeddable":true,"href":"https:\/\/www.fototallermg.com.ar\/index.php?rest_route=\/wp\/v2\/media\/2869"}],"wp:attachment":[{"href":"https:\/\/www.fototallermg.com.ar\/index.php?rest_route=%2Fwp%2Fv2%2Fmedia&parent=2430"}],"curies":[{"name":"wp","href":"https:\/\/api.w.org\/{rel}","templated":true}]}}