{"id":2598,"date":"2018-03-14T13:25:41","date_gmt":"2018-03-14T16:25:41","guid":{"rendered":"http:\/\/www.fototallermg.com.ar\/?page_id=2598"},"modified":"2018-03-27T15:50:43","modified_gmt":"2018-03-27T18:50:43","slug":"talleres-3","status":"publish","type":"page","link":"https:\/\/www.fototallermg.com.ar\/?page_id=2598","title":{"rendered":"Talleres"},"content":{"rendered":"<blockquote class=\"wp-embedded-content\" data-secret=\"ddmtFjZaCe\"><p><a href=\"http:\/\/www.fototallermg.com.ar\/?page_id=2418\">Iluminaci\u00f3n Pr\u00e1ctica<\/a><\/p><\/blockquote>\n<p><iframe loading=\"lazy\" class=\"wp-embedded-content\" sandbox=\"allow-scripts\" security=\"restricted\" style=\"position: absolute; clip: rect(1px, 1px, 1px, 1px);\" src=\"http:\/\/www.fototallermg.com.ar\/?page_id=2418&#038;embed=true#?secret=ddmtFjZaCe\" data-secret=\"ddmtFjZaCe\" width=\"600\" height=\"338\" title=\"&#8220;Iluminaci\u00f3n Pr\u00e1ctica&#8221; &#8212; Foto Taller MONTE GRANDE\" frameborder=\"0\" marginwidth=\"0\" marginheight=\"0\" scrolling=\"no\"><\/iframe><\/p>\n<blockquote class=\"wp-embedded-content\" data-secret=\"qaf0abrnI6\"><p><a href=\"http:\/\/www.fototallermg.com.ar\/?page_id=2428\">Fotograf\u00eda Documental<\/a><\/p><\/blockquote>\n<p><iframe loading=\"lazy\" class=\"wp-embedded-content\" sandbox=\"allow-scripts\" security=\"restricted\" style=\"position: absolute; clip: rect(1px, 1px, 1px, 1px);\" src=\"http:\/\/www.fototallermg.com.ar\/?page_id=2428&#038;embed=true#?secret=qaf0abrnI6\" data-secret=\"qaf0abrnI6\" width=\"600\" height=\"338\" title=\"&#8220;Fotograf\u00eda Documental&#8221; &#8212; Foto Taller MONTE GRANDE\" frameborder=\"0\" marginwidth=\"0\" marginheight=\"0\" scrolling=\"no\"><\/iframe><\/p>\n<blockquote class=\"wp-embedded-content\" data-secret=\"2xyLjD49Tv\"><p><a href=\"http:\/\/www.fototallermg.com.ar\/?page_id=2424\">Fotograf\u00eda de Sociales<\/a><\/p><\/blockquote>\n<p><iframe loading=\"lazy\" class=\"wp-embedded-content\" sandbox=\"allow-scripts\" security=\"restricted\" style=\"position: absolute; clip: rect(1px, 1px, 1px, 1px);\" src=\"http:\/\/www.fototallermg.com.ar\/?page_id=2424&#038;embed=true#?secret=2xyLjD49Tv\" data-secret=\"2xyLjD49Tv\" width=\"600\" height=\"338\" title=\"&#8220;Fotograf\u00eda de Sociales&#8221; &#8212; Foto Taller MONTE GRANDE\" frameborder=\"0\" marginwidth=\"0\" marginheight=\"0\" scrolling=\"no\"><\/iframe><\/p>\n<blockquote class=\"wp-embedded-content\" data-secret=\"u1eFc7qglz\"><p><a href=\"http:\/\/www.fototallermg.com.ar\/?page_id=2429\">Fotograf\u00eda de Producto<\/a><\/p><\/blockquote>\n<p><iframe loading=\"lazy\" class=\"wp-embedded-content\" sandbox=\"allow-scripts\" security=\"restricted\" style=\"position: absolute; clip: rect(1px, 1px, 1px, 1px);\" src=\"http:\/\/www.fototallermg.com.ar\/?page_id=2429&#038;embed=true#?secret=u1eFc7qglz\" data-secret=\"u1eFc7qglz\" width=\"600\" height=\"338\" title=\"&#8220;Fotograf\u00eda de Producto&#8221; &#8212; Foto Taller MONTE GRANDE\" frameborder=\"0\" marginwidth=\"0\" marginheight=\"0\" scrolling=\"no\"><\/iframe><\/p>\n<blockquote class=\"wp-embedded-content\" data-secret=\"j7V9c4jeJD\"><p><a href=\"http:\/\/www.fototallermg.com.ar\/?page_id=2430\">Fotograf\u00eda Publicitaria y Moda<\/a><\/p><\/blockquote>\n<p><iframe loading=\"lazy\" class=\"wp-embedded-content\" sandbox=\"allow-scripts\" security=\"restricted\" style=\"position: absolute; clip: rect(1px, 1px, 1px, 1px);\" src=\"http:\/\/www.fototallermg.com.ar\/?page_id=2430&#038;embed=true#?secret=j7V9c4jeJD\" data-secret=\"j7V9c4jeJD\" width=\"600\" height=\"338\" title=\"&#8220;Fotograf\u00eda Publicitaria y Moda&#8221; &#8212; Foto Taller MONTE GRANDE\" frameborder=\"0\" marginwidth=\"0\" marginheight=\"0\" scrolling=\"no\"><\/iframe><\/p>\n<blockquote class=\"wp-embedded-content\" data-secret=\"6JWR50XZhx\"><p><a href=\"http:\/\/www.fototallermg.com.ar\/?page_id=2420\">Photoshop<\/a><\/p><\/blockquote>\n<p><iframe loading=\"lazy\" class=\"wp-embedded-content\" sandbox=\"allow-scripts\" security=\"restricted\" style=\"position: absolute; clip: rect(1px, 1px, 1px, 1px);\" src=\"http:\/\/www.fototallermg.com.ar\/?page_id=2420&#038;embed=true#?secret=6JWR50XZhx\" data-secret=\"6JWR50XZhx\" width=\"600\" height=\"338\" title=\"&#8220;Photoshop&#8221; &#8212; Foto Taller MONTE GRANDE\" frameborder=\"0\" marginwidth=\"0\" marginheight=\"0\" scrolling=\"no\"><\/iframe><\/p>\n<blockquote class=\"wp-embedded-content\" data-secret=\"M5G1eASHJ6\"><p><a href=\"http:\/\/www.fototallermg.com.ar\/?page_id=2421\">Ligthroom<\/a><\/p><\/blockquote>\n<p><iframe loading=\"lazy\" class=\"wp-embedded-content\" sandbox=\"allow-scripts\" security=\"restricted\" style=\"position: absolute; clip: rect(1px, 1px, 1px, 1px);\" src=\"http:\/\/www.fototallermg.com.ar\/?page_id=2421&#038;embed=true#?secret=M5G1eASHJ6\" data-secret=\"M5G1eASHJ6\" width=\"600\" height=\"338\" title=\"&#8220;Ligthroom&#8221; &#8212; Foto Taller MONTE GRANDE\" frameborder=\"0\" marginwidth=\"0\" marginheight=\"0\" scrolling=\"no\"><\/iframe><\/p>\n<blockquote class=\"wp-embedded-content\" data-secret=\"AZf1q6xzCz\"><p><a href=\"http:\/\/www.fototallermg.com.ar\/?page_id=2422\">Fotograf\u00eda Anal\u00f3gica<\/a><\/p><\/blockquote>\n<p><iframe loading=\"lazy\" class=\"wp-embedded-content\" sandbox=\"allow-scripts\" security=\"restricted\" style=\"position: absolute; clip: rect(1px, 1px, 1px, 1px);\" src=\"http:\/\/www.fototallermg.com.ar\/?page_id=2422&#038;embed=true#?secret=AZf1q6xzCz\" data-secret=\"AZf1q6xzCz\" width=\"600\" height=\"338\" title=\"&#8220;Fotograf\u00eda Anal\u00f3gica&#8221; &#8212; Foto Taller MONTE GRANDE\" frameborder=\"0\" marginwidth=\"0\" marginheight=\"0\" scrolling=\"no\"><\/iframe><\/p>\n<blockquote class=\"wp-embedded-content\" data-secret=\"xA6rjPKsN9\"><p><a href=\"http:\/\/www.fototallermg.com.ar\/?page_id=2974\">Historia visual de la fotograf\u00eda<\/a><\/p><\/blockquote>\n<p><iframe loading=\"lazy\" class=\"wp-embedded-content\" sandbox=\"allow-scripts\" security=\"restricted\" style=\"position: absolute; clip: rect(1px, 1px, 1px, 1px);\" src=\"http:\/\/www.fototallermg.com.ar\/?page_id=2974&#038;embed=true#?secret=xA6rjPKsN9\" data-secret=\"xA6rjPKsN9\" width=\"600\" height=\"338\" title=\"&#8220;Historia visual de la fotograf\u00eda&#8221; &#8212; Foto Taller MONTE GRANDE\" frameborder=\"0\" marginwidth=\"0\" marginheight=\"0\" scrolling=\"no\"><\/iframe><\/p>\n<p>&nbsp;<\/p>\n<blockquote class=\"wp-embedded-content\" data-secret=\"aYdhq3Ve9Q\"><p><a href=\"http:\/\/www.fototallermg.com.ar\/?page_id=2979\">Fotograf\u00eda, Concepto &#038; Vanguardia<\/a><\/p><\/blockquote>\n<p><iframe loading=\"lazy\" class=\"wp-embedded-content\" sandbox=\"allow-scripts\" security=\"restricted\" style=\"position: absolute; clip: rect(1px, 1px, 1px, 1px);\" src=\"http:\/\/www.fototallermg.com.ar\/?page_id=2979&#038;embed=true#?secret=aYdhq3Ve9Q\" data-secret=\"aYdhq3Ve9Q\" width=\"600\" height=\"338\" title=\"&#8220;Fotograf\u00eda, Concepto &#038; Vanguardia&#8221; &#8212; Foto Taller MONTE GRANDE\" frameborder=\"0\" marginwidth=\"0\" marginheight=\"0\" scrolling=\"no\"><\/iframe><\/p>\n<p>&nbsp;<\/p>\n","protected":false},"excerpt":{"rendered":"<p>Iluminaci\u00f3n Pr\u00e1ctica Fotograf\u00eda Documental Fotograf\u00eda de Sociales Fotograf\u00eda de Producto Fotograf\u00eda Publicitaria y Moda Photoshop Ligthroom Fotograf\u00eda Anal\u00f3gica Historia visual de la fotograf\u00eda &nbsp; Fotograf\u00eda, Concepto &#038; Vanguardia &nbsp;<\/p>\n","protected":false},"author":1,"featured_media":0,"parent":0,"menu_order":0,"comment_status":"closed","ping_status":"closed","template":"","meta":{"_joinchat":[],"footnotes":""},"class_list":["post-2598","page","type-page","status-publish","hentry"],"_links":{"self":[{"href":"https:\/\/www.fototallermg.com.ar\/index.php?rest_route=\/wp\/v2\/pages\/2598","targetHints":{"allow":["GET"]}}],"collection":[{"href":"https:\/\/www.fototallermg.com.ar\/index.php?rest_route=\/wp\/v2\/pages"}],"about":[{"href":"https:\/\/www.fototallermg.com.ar\/index.php?rest_route=\/wp\/v2\/types\/page"}],"author":[{"embeddable":true,"href":"https:\/\/www.fototallermg.com.ar\/index.php?rest_route=\/wp\/v2\/users\/1"}],"replies":[{"embeddable":true,"href":"https:\/\/www.fototallermg.com.ar\/index.php?rest_route=%2Fwp%2Fv2%2Fcomments&post=2598"}],"version-history":[{"count":4,"href":"https:\/\/www.fototallermg.com.ar\/index.php?rest_route=\/wp\/v2\/pages\/2598\/revisions"}],"predecessor-version":[{"id":2985,"href":"https:\/\/www.fototallermg.com.ar\/index.php?rest_route=\/wp\/v2\/pages\/2598\/revisions\/2985"}],"wp:attachment":[{"href":"https:\/\/www.fototallermg.com.ar\/index.php?rest_route=%2Fwp%2Fv2%2Fmedia&parent=2598"}],"curies":[{"name":"wp","href":"https:\/\/api.w.org\/{rel}","templated":true}]}}