{"id":2974,"date":"2018-03-27T15:11:00","date_gmt":"2018-03-27T18:11:00","guid":{"rendered":"http:\/\/www.fototallermg.com.ar\/?page_id=2974"},"modified":"2018-03-27T15:45:29","modified_gmt":"2018-03-27T18:45:29","slug":"historia-visual-de-la-fotografia","status":"publish","type":"page","link":"https:\/\/www.fototallermg.com.ar\/?page_id=2974","title":{"rendered":"Historia visual de la fotograf\u00eda"},"content":{"rendered":"<p><strong>Evoluci\u00f3n de la Fotograf\u00eda. Una Historia Visual.<\/strong><\/p>\n<p>Seminario dictado por el artista y docente Gabriel Magri.<\/p>\n<p>Bloques tem\u00e1ticos:<\/p>\n<p>1. De la primera fotograf\u00eda al documento social. Conflictos y rupturas.<\/p>\n<p>2. De la naturaleza muerta al industrialismo. La Fotograf\u00eda y su conciencia de s\u00ed.<\/p>\n<p>3. De George Eastman a Edwin Land. Expansi\u00f3n y socializaci\u00f3n de la Fotograf\u00eda. Hegemon\u00eda<br \/>\ndel color.<\/p>\n<p>4. La fotograf\u00eda l\u00edquida. Hacia el pos-internet.<\/p>\n","protected":false},"excerpt":{"rendered":"<p>Evoluci\u00f3n de la Fotograf\u00eda. Una Historia Visual. Seminario dictado por el artista y docente Gabriel Magri. Bloques tem\u00e1ticos: 1. De la primera fotograf\u00eda al documento social. Conflictos y rupturas. 2. De la naturaleza muerta al industrialismo. La Fotograf\u00eda y su conciencia de s\u00ed. 3. De George Eastman a Edwin Land. Expansi\u00f3n y socializaci\u00f3n de la [&hellip;]<\/p>\n","protected":false},"author":1,"featured_media":2983,"parent":0,"menu_order":0,"comment_status":"closed","ping_status":"closed","template":"","meta":{"_joinchat":[],"footnotes":""},"class_list":["post-2974","page","type-page","status-publish","has-post-thumbnail","hentry"],"_links":{"self":[{"href":"https:\/\/www.fototallermg.com.ar\/index.php?rest_route=\/wp\/v2\/pages\/2974","targetHints":{"allow":["GET"]}}],"collection":[{"href":"https:\/\/www.fototallermg.com.ar\/index.php?rest_route=\/wp\/v2\/pages"}],"about":[{"href":"https:\/\/www.fototallermg.com.ar\/index.php?rest_route=\/wp\/v2\/types\/page"}],"author":[{"embeddable":true,"href":"https:\/\/www.fototallermg.com.ar\/index.php?rest_route=\/wp\/v2\/users\/1"}],"replies":[{"embeddable":true,"href":"https:\/\/www.fototallermg.com.ar\/index.php?rest_route=%2Fwp%2Fv2%2Fcomments&post=2974"}],"version-history":[{"count":4,"href":"https:\/\/www.fototallermg.com.ar\/index.php?rest_route=\/wp\/v2\/pages\/2974\/revisions"}],"predecessor-version":[{"id":2984,"href":"https:\/\/www.fototallermg.com.ar\/index.php?rest_route=\/wp\/v2\/pages\/2974\/revisions\/2984"}],"wp:featuredmedia":[{"embeddable":true,"href":"https:\/\/www.fototallermg.com.ar\/index.php?rest_route=\/wp\/v2\/media\/2983"}],"wp:attachment":[{"href":"https:\/\/www.fototallermg.com.ar\/index.php?rest_route=%2Fwp%2Fv2%2Fmedia&parent=2974"}],"curies":[{"name":"wp","href":"https:\/\/api.w.org\/{rel}","templated":true}]}}