{"id":3509,"date":"2023-11-30T10:47:21","date_gmt":"2023-11-30T13:47:21","guid":{"rendered":"https:\/\/www.fototallermg.com.ar\/?page_id=3509"},"modified":"2023-11-30T10:59:19","modified_gmt":"2023-11-30T13:59:19","slug":"tercer-ano","status":"publish","type":"page","link":"https:\/\/www.fototallermg.com.ar\/?page_id=3509","title":{"rendered":"Tercer A\u00f1o"},"content":{"rendered":"<p>En los talleres de tercer a\u00f1o abordamos lo que llamamos el \u00abproceso\u00bb del fot\u00f3grafo.\u00a0<br \/>Desde las herramientas para producir im\u00e1genes, su desarrollo, edici\u00f3n y formas de presentar el trabajo.<br \/>Tambi\u00e9n intensificamos el estudio de la t\u00e9cnica fotogr\u00e1fica y post producci\u00f3n con pr\u00e1cticas en estudio y exteriores.<br \/>La presentaci\u00f3n final consiste en un portfolio, audiovisual o web de la serie desarrollada.<\/p>\n<p><strong>Duraci\u00f3n:<\/strong>\u00a0Marzo a Diciembre<br \/><strong>Carga horaria:<\/strong>\u00a0Una vez por semana \u2013 2 horas<br \/><strong>Valor e inscripci\u00f3n:<\/strong>\u00a0Consultar a:<br \/><strong>+54 9 11 2460-4640<\/strong><br \/><strong>Requisitos:\u00a0<\/strong>Haber realizado alg\u00fan curso o taller avanzado de fotograf\u00eda.<\/p>\n<style>\/*! elementor - v3.17.0 - 08-11-2023 *\/\n.elementor-widget-image{text-align:center}.elementor-widget-image a{display:inline-block}.elementor-widget-image a img[src$=\".svg\"]{width:48px}.elementor-widget-image img{vertical-align:middle;display:inline-block}<\/style>\n<p>\t\t\t\t\t\t\t\t\t\t\t\t<img loading=\"lazy\" decoding=\"async\" width=\"1648\" height=\"2560\" src=\"https:\/\/www.fototallermg.com.ar\/wp-content\/uploads\/2023\/11\/programa-2024-fototaller-ano-3-1-scaled.jpg\" alt=\"\" srcset=\"https:\/\/www.fototallermg.com.ar\/wp-content\/uploads\/2023\/11\/programa-2024-fototaller-ano-3-1-scaled.jpg 1648w, https:\/\/www.fototallermg.com.ar\/wp-content\/uploads\/2023\/11\/programa-2024-fototaller-ano-3-1-193x300.jpg 193w, https:\/\/www.fototallermg.com.ar\/wp-content\/uploads\/2023\/11\/programa-2024-fototaller-ano-3-1-659x1024.jpg 659w, https:\/\/www.fototallermg.com.ar\/wp-content\/uploads\/2023\/11\/programa-2024-fototaller-ano-3-1-768x1193.jpg 768w, https:\/\/www.fototallermg.com.ar\/wp-content\/uploads\/2023\/11\/programa-2024-fototaller-ano-3-1-989x1536.jpg 989w, https:\/\/www.fototallermg.com.ar\/wp-content\/uploads\/2023\/11\/programa-2024-fototaller-ano-3-1-1318x2048.jpg 1318w, https:\/\/www.fototallermg.com.ar\/wp-content\/uploads\/2023\/11\/programa-2024-fototaller-ano-3-1-1120x1740.jpg 1120w\" sizes=\"auto, (max-width: 1648px) 100vw, 1648px\" \/><\/p>\n","protected":false},"excerpt":{"rendered":"<p>En los talleres de tercer a\u00f1o abordamos lo que llamamos el \u00abproceso\u00bb del fot\u00f3grafo.\u00a0Desde las herramientas para producir im\u00e1genes, su desarrollo, edici\u00f3n y formas de presentar el trabajo.Tambi\u00e9n intensificamos el estudio de la t\u00e9cnica fotogr\u00e1fica y post producci\u00f3n con pr\u00e1cticas en estudio y exteriores.La presentaci\u00f3n final consiste en un portfolio, audiovisual o web de la [&hellip;]<\/p>\n","protected":false},"author":1,"featured_media":3516,"parent":0,"menu_order":0,"comment_status":"closed","ping_status":"closed","template":"","meta":{"_joinchat":[],"footnotes":""},"class_list":["post-3509","page","type-page","status-publish","has-post-thumbnail","hentry"],"_links":{"self":[{"href":"https:\/\/www.fototallermg.com.ar\/index.php?rest_route=\/wp\/v2\/pages\/3509","targetHints":{"allow":["GET"]}}],"collection":[{"href":"https:\/\/www.fototallermg.com.ar\/index.php?rest_route=\/wp\/v2\/pages"}],"about":[{"href":"https:\/\/www.fototallermg.com.ar\/index.php?rest_route=\/wp\/v2\/types\/page"}],"author":[{"embeddable":true,"href":"https:\/\/www.fototallermg.com.ar\/index.php?rest_route=\/wp\/v2\/users\/1"}],"replies":[{"embeddable":true,"href":"https:\/\/www.fototallermg.com.ar\/index.php?rest_route=%2Fwp%2Fv2%2Fcomments&post=3509"}],"version-history":[{"count":7,"href":"https:\/\/www.fototallermg.com.ar\/index.php?rest_route=\/wp\/v2\/pages\/3509\/revisions"}],"predecessor-version":[{"id":3520,"href":"https:\/\/www.fototallermg.com.ar\/index.php?rest_route=\/wp\/v2\/pages\/3509\/revisions\/3520"}],"wp:featuredmedia":[{"embeddable":true,"href":"https:\/\/www.fototallermg.com.ar\/index.php?rest_route=\/wp\/v2\/media\/3516"}],"wp:attachment":[{"href":"https:\/\/www.fototallermg.com.ar\/index.php?rest_route=%2Fwp%2Fv2%2Fmedia&parent=3509"}],"curies":[{"name":"wp","href":"https:\/\/api.w.org\/{rel}","templated":true}]}}